{"id":158626,"date":"2025-06-03T17:55:02","date_gmt":"2025-06-03T14:55:02","guid":{"rendered":"https:\/\/4room.lv\/?post_type=product&#038;p=158626"},"modified":"2025-06-04T10:27:04","modified_gmt":"2025-06-04T07:27:04","slug":"pia-outdoor-chair","status":"publish","type":"product","link":"https:\/\/4room.lv\/ru\/veikals\/apgaismojums\/pia-outdoor-chair\/","title":{"rendered":"Pia outdoor chair"},"content":{"rendered":"","protected":false},"excerpt":{"rendered":"<p>Pia kr\u0113sls ir ra\u017eots no polipropil\u0113na, kas pastiprin\u0101ts ar stikla \u0161\u0137iedru,\u00a0 izmantojot jaun\u0101k\u0101s paaudzes tehnolo\u0123iju. Pan\u0101kot lab\u0101ku notur\u012bbu pret apk\u0101rt\u0113jiem apst\u0101k\u013ciem. Piem\u0113rots lieto\u0161anai iek\u0161telp\u0101s un \u0101r\u0101. Kr\u0113sli n\u0101k iepakojumos pa 4gab, cena nor\u0101d\u012bta par 1 gabalu.<\/p>\n","protected":false},"featured_media":158627,"template":"","meta":[],"product_cat":[127],"product_tag":[],"class_list":{"0":"post-158626","1":"product","2":"type-product","3":"status-publish","4":"has-post-thumbnail","6":"product_brand-morecontract","7":"product_cat-apgaismojums","9":"first","10":"instock","11":"shipping-taxable","12":"purchasable","13":"product-type-simple"},"_links":{"self":[{"href":"https:\/\/4room.lv\/ru\/wp-json\/wp\/v2\/product\/158626","targetHints":{"allow":["GET"]}}],"collection":[{"href":"https:\/\/4room.lv\/ru\/wp-json\/wp\/v2\/product"}],"about":[{"href":"https:\/\/4room.lv\/ru\/wp-json\/wp\/v2\/types\/product"}],"wp:featuredmedia":[{"embeddable":true,"href":"https:\/\/4room.lv\/ru\/wp-json\/wp\/v2\/media\/158627"}],"wp:attachment":[{"href":"https:\/\/4room.lv\/ru\/wp-json\/wp\/v2\/media?parent=158626"}],"wp:term":[{"taxonomy":"product_cat","embeddable":true,"href":"https:\/\/4room.lv\/ru\/wp-json\/wp\/v2\/product_cat?post=158626"},{"taxonomy":"product_tag","embeddable":true,"href":"https:\/\/4room.lv\/ru\/wp-json\/wp\/v2\/product_tag?post=158626"}],"curies":[{"name":"wp","href":"https:\/\/api.w.org\/{rel}","templated":true}]}}