{"id":158662,"date":"2025-06-04T10:25:55","date_gmt":"2025-06-04T07:25:55","guid":{"rendered":"https:\/\/4room.lv\/?post_type=product&#038;p=158662"},"modified":"2025-06-04T10:25:55","modified_gmt":"2025-06-04T07:25:55","slug":"slim-ceiling-o500mm-monaco-sunny-stones","status":"publish","type":"product","link":"https:\/\/4room.lv\/ru\/veikals\/apgaismojums\/dekorativais\/slim-ceiling-o500mm-monaco-sunny-stones\/","title":{"rendered":"SLIM CEILING \u00f8500mm Monaco Sunny stones"},"content":{"rendered":"","protected":false},"excerpt":{"rendered":"<p>riestu gaismeklis, kas ir roku darbs ra\u017eots Igaunij\u0101. Konkr\u0113tais modelis ir uz balta met\u0101la stiprin\u0101juma kur\u0101 iet 3 E27 spuldzes, kas nodro\u0161in\u0101s iesp\u0113ju pan\u0101kt labu gaismu. Tam ir 50cm aba\u017e\u016brs gai\u0161i pel\u0113k\u0101 sat\u012bna audum\u0101, kas skaisti atsp\u012bd un rada greznu efektu. Gaismeklis ir aizv\u0113rts ar akrila difuzoru, lai nosl\u0113ptu spuldzes un klied\u0113tu gaismu, lai t\u0101 ir maiga un pat\u012bkama.<\/p>\n<p>Gaismek\u013cus ra\u017eo p\u0113c pas\u016bt\u012bjuma, l\u012bdz ar to ir iesp\u0113ja izvel\u0113ties izm\u0113rus un apdares materi\u0101lus. Ja v\u0113laties uzzin\u0101t vair\u0101k vai apskat\u012bt paraugu kl\u0101stu, tad dro\u0161i sazinieties ar mums un past\u0101st\u012bsim vair\u0101k.<\/p>\n","protected":false},"featured_media":158663,"template":"","meta":[],"product_cat":[1058,127,147],"product_tag":[],"class_list":{"0":"post-158662","1":"product","2":"type-product","3":"status-publish","4":"has-post-thumbnail","6":"product_brand-4room","7":"product_cat-dizaina","8":"product_cat-apgaismojums","9":"product_cat-dekorativais","11":"first","12":"instock","13":"shipping-taxable","14":"purchasable","15":"product-type-simple"},"_links":{"self":[{"href":"https:\/\/4room.lv\/ru\/wp-json\/wp\/v2\/product\/158662","targetHints":{"allow":["GET"]}}],"collection":[{"href":"https:\/\/4room.lv\/ru\/wp-json\/wp\/v2\/product"}],"about":[{"href":"https:\/\/4room.lv\/ru\/wp-json\/wp\/v2\/types\/product"}],"wp:featuredmedia":[{"embeddable":true,"href":"https:\/\/4room.lv\/ru\/wp-json\/wp\/v2\/media\/158663"}],"wp:attachment":[{"href":"https:\/\/4room.lv\/ru\/wp-json\/wp\/v2\/media?parent=158662"}],"wp:term":[{"taxonomy":"product_cat","embeddable":true,"href":"https:\/\/4room.lv\/ru\/wp-json\/wp\/v2\/product_cat?post=158662"},{"taxonomy":"product_tag","embeddable":true,"href":"https:\/\/4room.lv\/ru\/wp-json\/wp\/v2\/product_tag?post=158662"}],"curies":[{"name":"wp","href":"https:\/\/api.w.org\/{rel}","templated":true}]}}