{"id":158834,"date":"2025-06-05T13:34:56","date_gmt":"2025-06-05T10:34:56","guid":{"rendered":"https:\/\/4room.lv\/?post_type=product&#038;p=158834"},"modified":"2025-06-05T13:34:56","modified_gmt":"2025-06-05T10:34:56","slug":"cera-floor-lamp-brass","status":"publish","type":"product","link":"https:\/\/4room.lv\/ru\/veikals\/apgaismojums\/dekorativais\/cera-floor-lamp-brass\/","title":{"rendered":"Cera Floor lamp Brass"},"content":{"rendered":"","protected":false},"excerpt":{"rendered":"<p>Klasiska misi\u0146a st\u0101vlampa, kas b\u016bs dizainiski pievilc\u012bga un rad\u012bs m\u0101j\u012bgu noska\u0146as apgaismojumu. Gaismeklim nepiecie\u0161ama E27 spuldze, kuru m\u0113s ieteiktu izvel\u0113ties silta spektra, jo tas skaisti papildin\u0101s misi\u0146a toni.<\/p>\n","protected":false},"featured_media":158835,"template":"","meta":[],"product_cat":[127,147],"product_tag":[],"class_list":{"0":"post-158834","1":"product","2":"type-product","3":"status-publish","4":"has-post-thumbnail","6":"product_brand-nordlux","7":"product_cat-apgaismojums","8":"product_cat-dekorativais","10":"first","11":"instock","12":"shipping-taxable","13":"purchasable","14":"product-type-simple","15":"hongo-alternate-image-wrap"},"_links":{"self":[{"href":"https:\/\/4room.lv\/ru\/wp-json\/wp\/v2\/product\/158834","targetHints":{"allow":["GET"]}}],"collection":[{"href":"https:\/\/4room.lv\/ru\/wp-json\/wp\/v2\/product"}],"about":[{"href":"https:\/\/4room.lv\/ru\/wp-json\/wp\/v2\/types\/product"}],"wp:featuredmedia":[{"embeddable":true,"href":"https:\/\/4room.lv\/ru\/wp-json\/wp\/v2\/media\/158835"}],"wp:attachment":[{"href":"https:\/\/4room.lv\/ru\/wp-json\/wp\/v2\/media?parent=158834"}],"wp:term":[{"taxonomy":"product_cat","embeddable":true,"href":"https:\/\/4room.lv\/ru\/wp-json\/wp\/v2\/product_cat?post=158834"},{"taxonomy":"product_tag","embeddable":true,"href":"https:\/\/4room.lv\/ru\/wp-json\/wp\/v2\/product_tag?post=158834"}],"curies":[{"name":"wp","href":"https:\/\/api.w.org\/{rel}","templated":true}]}}