{"id":158902,"date":"2025-06-05T15:33:25","date_gmt":"2025-06-05T12:33:25","guid":{"rendered":"https:\/\/4room.lv\/?post_type=product&#038;p=158902"},"modified":"2025-06-05T15:33:25","modified_gmt":"2025-06-05T12:33:25","slug":"more-recliner-external-%c2%b7-leather-omaha-brown%c2%b7-warm-oakbark-with-footrest","status":"publish","type":"product","link":"https:\/\/4room.lv\/ru\/veikals\/mebeles\/kresli\/more-recliner-external-%c2%b7-leather-omaha-brown%c2%b7-warm-oakbark-with-footrest\/","title":{"rendered":"More Recliner External \u00b7 Leather Omaha Brown\u00b7 Warm Oakbark with footrest"},"content":{"rendered":"","protected":false},"excerpt":{"rendered":"<p>More kr\u0113sls ir apr\u012bkots ar g\u0101zes atsperes meh\u0101nismu, kas \u013cauj vienm\u0113r\u012bgi un bez piep\u016bles main\u012bt poz\u012bcijas. K\u0101ju balsts nodro\u0161in\u0101s mier\u012bgu vietu atp\u016btai un relaks\u0101cijai. Galvas balsts ir regul\u0113jams augstum\u0101 un le\u0146\u0137\u012b, lai ieg\u016btu lab\u0101ko poz\u012bciju las\u012b\u0161anai, televizora skat\u012b\u0161anai vai atp\u016btai. Kr\u0113sla mugurai ir perfor\u0113ta \u0113da, lai mugura elpotu.<\/p>\n<p>K\u0157eslam ir pieejamas daz\u0101das apdares, jo kr\u0113slu gatavo p\u0113c pas\u016bt\u012bjuma. Paraugus var n\u0101kt apl\u016bkot m\u016bsu salon\u0101.<\/p>\n","protected":false},"featured_media":158903,"template":"","meta":[],"product_cat":[129,144],"product_tag":[],"class_list":{"0":"post-158902","1":"product","2":"type-product","3":"status-publish","4":"has-post-thumbnail","6":"product_brand-flexlux","7":"product_cat-mebeles","8":"product_cat-kresli","10":"first","11":"instock","12":"shipping-taxable","13":"purchasable","14":"product-type-simple","15":"hongo-alternate-image-wrap"},"_links":{"self":[{"href":"https:\/\/4room.lv\/ru\/wp-json\/wp\/v2\/product\/158902","targetHints":{"allow":["GET"]}}],"collection":[{"href":"https:\/\/4room.lv\/ru\/wp-json\/wp\/v2\/product"}],"about":[{"href":"https:\/\/4room.lv\/ru\/wp-json\/wp\/v2\/types\/product"}],"wp:featuredmedia":[{"embeddable":true,"href":"https:\/\/4room.lv\/ru\/wp-json\/wp\/v2\/media\/158903"}],"wp:attachment":[{"href":"https:\/\/4room.lv\/ru\/wp-json\/wp\/v2\/media?parent=158902"}],"wp:term":[{"taxonomy":"product_cat","embeddable":true,"href":"https:\/\/4room.lv\/ru\/wp-json\/wp\/v2\/product_cat?post=158902"},{"taxonomy":"product_tag","embeddable":true,"href":"https:\/\/4room.lv\/ru\/wp-json\/wp\/v2\/product_tag?post=158902"}],"curies":[{"name":"wp","href":"https:\/\/api.w.org\/{rel}","templated":true}]}}