{"id":158925,"date":"2025-06-05T16:46:04","date_gmt":"2025-06-05T13:46:04","guid":{"rendered":"https:\/\/4room.lv\/?post_type=product&#038;p=158925"},"modified":"2025-06-05T16:46:04","modified_gmt":"2025-06-05T13:46:04","slug":"frisbi-28-ceiling-lamp-ip44","status":"publish","type":"product","link":"https:\/\/4room.lv\/ru\/veikals\/apgaismojums\/dekorativais\/frisbi-28-ceiling-lamp-ip44\/","title":{"rendered":"Frisbi 28 Ceiling lamp IP44"},"content":{"rendered":"","protected":false},"excerpt":{"rendered":"<p>Skaists griestu gaismeklis no stikla ar integr\u0113tu Led. Tam ir IP44 mitrumnotur\u012bba un b\u016bs piem\u0113rots vannasistab\u0101m.<\/p>\n","protected":false},"featured_media":158926,"template":"","meta":[],"product_cat":[127,148,147],"product_tag":[],"class_list":{"0":"post-158925","1":"product","2":"type-product","3":"status-publish","4":"has-post-thumbnail","6":"product_brand-redo","7":"product_cat-apgaismojums","8":"product_cat-arhitekturalais","9":"product_cat-dekorativais","11":"first","12":"instock","13":"shipping-taxable","14":"purchasable","15":"product-type-simple"},"_links":{"self":[{"href":"https:\/\/4room.lv\/ru\/wp-json\/wp\/v2\/product\/158925","targetHints":{"allow":["GET"]}}],"collection":[{"href":"https:\/\/4room.lv\/ru\/wp-json\/wp\/v2\/product"}],"about":[{"href":"https:\/\/4room.lv\/ru\/wp-json\/wp\/v2\/types\/product"}],"wp:featuredmedia":[{"embeddable":true,"href":"https:\/\/4room.lv\/ru\/wp-json\/wp\/v2\/media\/158926"}],"wp:attachment":[{"href":"https:\/\/4room.lv\/ru\/wp-json\/wp\/v2\/media?parent=158925"}],"wp:term":[{"taxonomy":"product_cat","embeddable":true,"href":"https:\/\/4room.lv\/ru\/wp-json\/wp\/v2\/product_cat?post=158925"},{"taxonomy":"product_tag","embeddable":true,"href":"https:\/\/4room.lv\/ru\/wp-json\/wp\/v2\/product_tag?post=158925"}],"curies":[{"name":"wp","href":"https:\/\/api.w.org\/{rel}","templated":true}]}}