{"id":158935,"date":"2025-06-05T17:25:22","date_gmt":"2025-06-05T14:25:22","guid":{"rendered":"https:\/\/4room.lv\/?post_type=product&#038;p=158935"},"modified":"2025-06-05T17:25:22","modified_gmt":"2025-06-05T14:25:22","slug":"odette-colors","status":"publish","type":"product","link":"https:\/\/4room.lv\/ru\/veikals\/apgaismojums\/dekorativais\/odette-colors\/","title":{"rendered":"Odette colors"},"content":{"rendered":"","protected":false},"excerpt":{"rendered":"<p>Elegants stikla gaismek\u013cu komplekts. B\u0101ze ir \u0161ampanie\u0161a zelt\u012bt\u0101 ton\u012b un katrs rievotais stikla kupols ir sav\u0101 ton\u012b- caursp\u012bd\u012bg\u0101 stikl\u0101, tum\u0161i pel\u0113k\u0101 un dzintara. Katr\u0101 kupol\u0101 ir pa E14 spuldzei, kuras var\u0113siet izv\u0113l\u0113ties p\u0113c saviem ieskatiem.<\/p>\n","protected":false},"featured_media":158936,"template":"","meta":[],"product_cat":[127,147],"product_tag":[],"class_list":{"0":"post-158935","1":"product","2":"type-product","3":"status-publish","4":"has-post-thumbnail","6":"product_brand-ondaluce","7":"product_cat-apgaismojums","8":"product_cat-dekorativais","10":"first","11":"instock","12":"sale","13":"shipping-taxable","14":"purchasable","15":"product-type-simple"},"_links":{"self":[{"href":"https:\/\/4room.lv\/ru\/wp-json\/wp\/v2\/product\/158935","targetHints":{"allow":["GET"]}}],"collection":[{"href":"https:\/\/4room.lv\/ru\/wp-json\/wp\/v2\/product"}],"about":[{"href":"https:\/\/4room.lv\/ru\/wp-json\/wp\/v2\/types\/product"}],"wp:featuredmedia":[{"embeddable":true,"href":"https:\/\/4room.lv\/ru\/wp-json\/wp\/v2\/media\/158936"}],"wp:attachment":[{"href":"https:\/\/4room.lv\/ru\/wp-json\/wp\/v2\/media?parent=158935"}],"wp:term":[{"taxonomy":"product_cat","embeddable":true,"href":"https:\/\/4room.lv\/ru\/wp-json\/wp\/v2\/product_cat?post=158935"},{"taxonomy":"product_tag","embeddable":true,"href":"https:\/\/4room.lv\/ru\/wp-json\/wp\/v2\/product_tag?post=158935"}],"curies":[{"name":"wp","href":"https:\/\/api.w.org\/{rel}","templated":true}]}}