{"id":158958,"date":"2025-06-06T10:31:29","date_gmt":"2025-06-06T07:31:29","guid":{"rendered":"https:\/\/4room.lv\/?post_type=product&#038;p=158958"},"modified":"2025-06-06T10:31:29","modified_gmt":"2025-06-06T07:31:29","slug":"thin-cylinder-pendant-o500mm-black","status":"publish","type":"product","link":"https:\/\/4room.lv\/ru\/veikals\/apgaismojums\/dekorativais\/thin-cylinder-pendant-o500mm-black\/","title":{"rendered":"THIN CYLINDER PENDANT \u00f8500mm Black"},"content":{"rendered":"","protected":false},"excerpt":{"rendered":"<p>Iek\u0101rts dim\u0113jams Led gaismeklis 50cm diametr\u0101 ar auduma apdari meln\u0101 kr\u0101s\u0101 un akrila difurozu vienm\u0113r\u012bgai gaismai. Ask\u0113tiskais dizains b\u016bs viegli integr\u0113jams dazados interjeros, k\u0101 m\u0101j\u0101s t\u0101 ofis\u0101.<\/p>\n<p>Gaismek\u013ci tiek ra\u017eoti p\u0113c pa\u0161\u016bt\u012bjuma, l\u012bdz ar to pieejami da\u017e\u0101di izm\u0113ri, jaudas un apdares. Paraugus var apskat\u012bt pie mums salon\u0101<\/p>\n","protected":false},"featured_media":158959,"template":"","meta":[],"product_cat":[1058,127,148,147],"product_tag":[],"class_list":{"0":"post-158958","1":"product","2":"type-product","3":"status-publish","4":"has-post-thumbnail","6":"product_brand-4room","7":"product_cat-dizaina","8":"product_cat-apgaismojums","9":"product_cat-arhitekturalais","10":"product_cat-dekorativais","12":"first","13":"instock","14":"shipping-taxable","15":"purchasable","16":"product-type-simple","17":"hongo-alternate-image-wrap"},"_links":{"self":[{"href":"https:\/\/4room.lv\/ru\/wp-json\/wp\/v2\/product\/158958","targetHints":{"allow":["GET"]}}],"collection":[{"href":"https:\/\/4room.lv\/ru\/wp-json\/wp\/v2\/product"}],"about":[{"href":"https:\/\/4room.lv\/ru\/wp-json\/wp\/v2\/types\/product"}],"wp:featuredmedia":[{"embeddable":true,"href":"https:\/\/4room.lv\/ru\/wp-json\/wp\/v2\/media\/158959"}],"wp:attachment":[{"href":"https:\/\/4room.lv\/ru\/wp-json\/wp\/v2\/media?parent=158958"}],"wp:term":[{"taxonomy":"product_cat","embeddable":true,"href":"https:\/\/4room.lv\/ru\/wp-json\/wp\/v2\/product_cat?post=158958"},{"taxonomy":"product_tag","embeddable":true,"href":"https:\/\/4room.lv\/ru\/wp-json\/wp\/v2\/product_tag?post=158958"}],"curies":[{"name":"wp","href":"https:\/\/api.w.org\/{rel}","templated":true}]}}