{"id":159039,"date":"2025-06-06T12:33:41","date_gmt":"2025-06-06T09:33:41","guid":{"rendered":"https:\/\/4room.lv\/?post_type=product&#038;p=159039"},"modified":"2025-06-06T12:33:41","modified_gmt":"2025-06-06T09:33:41","slug":"galda-lampa-candy-green","status":"publish","type":"product","link":"https:\/\/4room.lv\/ru\/veikals\/apgaismojums\/dekorativais\/galda-lampa-candy-green\/","title":{"rendered":"Galda lampa Candy green"},"content":{"rendered":"","protected":false},"excerpt":{"rendered":"<p>Dekorat\u012bvs Led galda gaismeklis. Gaismeklis ir no cukurotas tekst\u016bras za\u013ca stikla un zelt\u012bt\u0101m met\u0101la deta\u013c\u0101m. Pieejami ar\u012b citi to\u0146i, ja neatrodiet tos m\u0101jaslap\u0101, dro\u0161i vaic\u0101jiet mums.<\/p>\n","protected":false},"featured_media":159040,"template":"","meta":[],"product_cat":[127,147],"product_tag":[],"class_list":{"0":"post-159039","1":"product","2":"type-product","3":"status-publish","4":"has-post-thumbnail","6":"product_brand-ondaluce","7":"product_cat-apgaismojums","8":"product_cat-dekorativais","10":"first","11":"instock","12":"sale","13":"shipping-taxable","14":"purchasable","15":"product-type-simple","16":"hongo-alternate-image-wrap"},"_links":{"self":[{"href":"https:\/\/4room.lv\/ru\/wp-json\/wp\/v2\/product\/159039","targetHints":{"allow":["GET"]}}],"collection":[{"href":"https:\/\/4room.lv\/ru\/wp-json\/wp\/v2\/product"}],"about":[{"href":"https:\/\/4room.lv\/ru\/wp-json\/wp\/v2\/types\/product"}],"wp:featuredmedia":[{"embeddable":true,"href":"https:\/\/4room.lv\/ru\/wp-json\/wp\/v2\/media\/159040"}],"wp:attachment":[{"href":"https:\/\/4room.lv\/ru\/wp-json\/wp\/v2\/media?parent=159039"}],"wp:term":[{"taxonomy":"product_cat","embeddable":true,"href":"https:\/\/4room.lv\/ru\/wp-json\/wp\/v2\/product_cat?post=159039"},{"taxonomy":"product_tag","embeddable":true,"href":"https:\/\/4room.lv\/ru\/wp-json\/wp\/v2\/product_tag?post=159039"}],"curies":[{"name":"wp","href":"https:\/\/api.w.org\/{rel}","templated":true}]}}