{"id":159049,"date":"2025-06-06T12:38:42","date_gmt":"2025-06-06T09:38:42","guid":{"rendered":"https:\/\/4room.lv\/?post_type=product&#038;p=159049"},"modified":"2025-06-06T12:45:41","modified_gmt":"2025-06-06T09:45:41","slug":"stavlampa-candy-amber","status":"publish","type":"product","link":"https:\/\/4room.lv\/ru\/veikals\/apgaismojums\/dekorativais\/stavlampa-candy-amber\/","title":{"rendered":"St\u0101vlampa Candy amber"},"content":{"rendered":"","protected":false},"excerpt":{"rendered":"<p>M\u016bsdien\u012bga un dekorat\u012bva Led st\u0101vlampa. Tai ir dekorat\u012bvs cukurots stikls dzintara kr\u0101s\u0101 un stabila zelt\u012bta met\u0101la p\u0113da. Gaismeklim ir dimeris uz vada.<\/p>\n<p>Pieejami vair\u0101ki to\u0146i. Ja neatrodiet tos m\u016bsu lap\u0101, tad vaic\u0101jiet mums.<\/p>\n","protected":false},"featured_media":159050,"template":"","meta":[],"product_cat":[127,147],"product_tag":[],"class_list":{"0":"post-159049","1":"product","2":"type-product","3":"status-publish","4":"has-post-thumbnail","6":"product_brand-ondaluce","7":"product_cat-apgaismojums","8":"product_cat-dekorativais","10":"first","11":"instock","12":"sale","13":"shipping-taxable","14":"purchasable","15":"product-type-simple","16":"hongo-alternate-image-wrap"},"_links":{"self":[{"href":"https:\/\/4room.lv\/ru\/wp-json\/wp\/v2\/product\/159049","targetHints":{"allow":["GET"]}}],"collection":[{"href":"https:\/\/4room.lv\/ru\/wp-json\/wp\/v2\/product"}],"about":[{"href":"https:\/\/4room.lv\/ru\/wp-json\/wp\/v2\/types\/product"}],"wp:featuredmedia":[{"embeddable":true,"href":"https:\/\/4room.lv\/ru\/wp-json\/wp\/v2\/media\/159050"}],"wp:attachment":[{"href":"https:\/\/4room.lv\/ru\/wp-json\/wp\/v2\/media?parent=159049"}],"wp:term":[{"taxonomy":"product_cat","embeddable":true,"href":"https:\/\/4room.lv\/ru\/wp-json\/wp\/v2\/product_cat?post=159049"},{"taxonomy":"product_tag","embeddable":true,"href":"https:\/\/4room.lv\/ru\/wp-json\/wp\/v2\/product_tag?post=159049"}],"curies":[{"name":"wp","href":"https:\/\/api.w.org\/{rel}","templated":true}]}}