{"id":159105,"date":"2025-06-06T13:57:33","date_gmt":"2025-06-06T10:57:33","guid":{"rendered":"https:\/\/4room.lv\/?post_type=product&#038;p=159105"},"modified":"2025-06-06T13:58:03","modified_gmt":"2025-06-06T10:58:03","slug":"nova-vertical-60cm-black","status":"publish","type":"product","link":"https:\/\/4room.lv\/ru\/veikals\/apgaismojums\/dekorativais\/nova-vertical-60cm-black\/","title":{"rendered":"Nova vertical 60cm black"},"content":{"rendered":"","protected":false},"excerpt":{"rendered":"<p>Iek\u0101rts dim\u0113jams Led gaismeklis ar melnu apdari. Pieejams 60 vai 80cm diametr\u0101 un zelta vai meln\u0101 ton\u012b.<\/p>\n","protected":false},"featured_media":159106,"template":"","meta":[],"product_cat":[127,148,147],"product_tag":[],"class_list":{"0":"post-159105","1":"product","2":"type-product","3":"status-publish","4":"has-post-thumbnail","6":"product_brand-ondaluce","7":"product_cat-apgaismojums","8":"product_cat-arhitekturalais","9":"product_cat-dekorativais","11":"first","12":"instock","13":"sale","14":"shipping-taxable","15":"purchasable","16":"product-type-simple"},"_links":{"self":[{"href":"https:\/\/4room.lv\/ru\/wp-json\/wp\/v2\/product\/159105","targetHints":{"allow":["GET"]}}],"collection":[{"href":"https:\/\/4room.lv\/ru\/wp-json\/wp\/v2\/product"}],"about":[{"href":"https:\/\/4room.lv\/ru\/wp-json\/wp\/v2\/types\/product"}],"wp:featuredmedia":[{"embeddable":true,"href":"https:\/\/4room.lv\/ru\/wp-json\/wp\/v2\/media\/159106"}],"wp:attachment":[{"href":"https:\/\/4room.lv\/ru\/wp-json\/wp\/v2\/media?parent=159105"}],"wp:term":[{"taxonomy":"product_cat","embeddable":true,"href":"https:\/\/4room.lv\/ru\/wp-json\/wp\/v2\/product_cat?post=159105"},{"taxonomy":"product_tag","embeddable":true,"href":"https:\/\/4room.lv\/ru\/wp-json\/wp\/v2\/product_tag?post=159105"}],"curies":[{"name":"wp","href":"https:\/\/api.w.org\/{rel}","templated":true}]}}