{"id":159132,"date":"2025-06-06T14:16:18","date_gmt":"2025-06-06T11:16:18","guid":{"rendered":"https:\/\/4room.lv\/?post_type=product&#038;p=159132"},"modified":"2025-06-06T14:17:01","modified_gmt":"2025-06-06T11:17:01","slug":"minus-81","status":"publish","type":"product","link":"https:\/\/4room.lv\/ru\/veikals\/apgaismojums\/dekorativais\/minus-81\/","title":{"rendered":"Minus 81"},"content":{"rendered":"","protected":false},"excerpt":{"rendered":"<p>Ask\u0113tisks dim\u0113jams Led gaismeklis, ko var likt gan pie griestiem, gan pie sienas. Gaismeklim ir iesp\u0113ja izvel\u0113ties 3000K vai 4000K spektru gaismai, lai rad\u012btu sev v\u0113lamo atmosf\u0113ru.<\/p>\n","protected":false},"featured_media":159133,"template":"","meta":[],"product_cat":[127,148,147],"product_tag":[],"class_list":{"0":"post-159132","1":"product","2":"type-product","3":"status-publish","4":"has-post-thumbnail","6":"product_brand-ondaluce","7":"product_cat-apgaismojums","8":"product_cat-arhitekturalais","9":"product_cat-dekorativais","11":"first","12":"instock","13":"sale","14":"shipping-taxable","15":"purchasable","16":"product-type-simple"},"_links":{"self":[{"href":"https:\/\/4room.lv\/ru\/wp-json\/wp\/v2\/product\/159132","targetHints":{"allow":["GET"]}}],"collection":[{"href":"https:\/\/4room.lv\/ru\/wp-json\/wp\/v2\/product"}],"about":[{"href":"https:\/\/4room.lv\/ru\/wp-json\/wp\/v2\/types\/product"}],"wp:featuredmedia":[{"embeddable":true,"href":"https:\/\/4room.lv\/ru\/wp-json\/wp\/v2\/media\/159133"}],"wp:attachment":[{"href":"https:\/\/4room.lv\/ru\/wp-json\/wp\/v2\/media?parent=159132"}],"wp:term":[{"taxonomy":"product_cat","embeddable":true,"href":"https:\/\/4room.lv\/ru\/wp-json\/wp\/v2\/product_cat?post=159132"},{"taxonomy":"product_tag","embeddable":true,"href":"https:\/\/4room.lv\/ru\/wp-json\/wp\/v2\/product_tag?post=159132"}],"curies":[{"name":"wp","href":"https:\/\/api.w.org\/{rel}","templated":true}]}}