{"id":159184,"date":"2025-06-06T15:00:39","date_gmt":"2025-06-06T12:00:39","guid":{"rendered":"https:\/\/4room.lv\/?post_type=product&#038;p=159184"},"modified":"2025-06-06T15:01:38","modified_gmt":"2025-06-06T12:01:38","slug":"alfa-floor-gold","status":"publish","type":"product","link":"https:\/\/4room.lv\/ru\/veikals\/apgaismojums\/dekorativais\/alfa-floor-gold\/","title":{"rendered":"Alfa floor gold"},"content":{"rendered":"","protected":false},"excerpt":{"rendered":"<p>Moderna Led st\u0101vlampa ar labu gaismu, jauk\u0101 mat\u0113t\u0101 zelt\u012bt\u0101 ton\u012b. Gaismeklim ir dimmeris, l\u012bdz ar to gaismas apjomu var\u0113siet piel\u0101got, radot v\u0113lamo atmosf\u0113ru.<\/p>\n","protected":false},"featured_media":159185,"template":"","meta":[],"product_cat":[127,147],"product_tag":[],"class_list":{"0":"post-159184","1":"product","2":"type-product","3":"status-publish","4":"has-post-thumbnail","6":"product_brand-ondaluce","7":"product_cat-apgaismojums","8":"product_cat-dekorativais","10":"first","11":"instock","12":"sale","13":"shipping-taxable","14":"purchasable","15":"product-type-simple","16":"hongo-alternate-image-wrap"},"_links":{"self":[{"href":"https:\/\/4room.lv\/ru\/wp-json\/wp\/v2\/product\/159184","targetHints":{"allow":["GET"]}}],"collection":[{"href":"https:\/\/4room.lv\/ru\/wp-json\/wp\/v2\/product"}],"about":[{"href":"https:\/\/4room.lv\/ru\/wp-json\/wp\/v2\/types\/product"}],"wp:featuredmedia":[{"embeddable":true,"href":"https:\/\/4room.lv\/ru\/wp-json\/wp\/v2\/media\/159185"}],"wp:attachment":[{"href":"https:\/\/4room.lv\/ru\/wp-json\/wp\/v2\/media?parent=159184"}],"wp:term":[{"taxonomy":"product_cat","embeddable":true,"href":"https:\/\/4room.lv\/ru\/wp-json\/wp\/v2\/product_cat?post=159184"},{"taxonomy":"product_tag","embeddable":true,"href":"https:\/\/4room.lv\/ru\/wp-json\/wp\/v2\/product_tag?post=159184"}],"curies":[{"name":"wp","href":"https:\/\/api.w.org\/{rel}","templated":true}]}}