{"id":159378,"date":"2025-06-11T16:46:02","date_gmt":"2025-06-11T13:46:02","guid":{"rendered":"https:\/\/4room.lv\/?post_type=product&#038;p=159378"},"modified":"2025-06-11T16:46:02","modified_gmt":"2025-06-11T13:46:02","slug":"madame-table-lamp-wireless-charger-white","status":"publish","type":"product","link":"https:\/\/4room.lv\/ru\/veikals\/apgaismojums\/dekorativais\/madame-table-lamp-wireless-charger-white\/","title":{"rendered":"Madame table lamp\/wireless charger white"},"content":{"rendered":"","protected":false},"excerpt":{"rendered":"<p>Galda lampa un bezvadu l\u0101d\u0113t\u0101js vien\u0101! Ask\u0113tisks galda gaismeklis kur \u0113rti novietot t\u0101lruni l\u0101d\u0113ties, ar mat\u0113tu baltu stikla lodi, kur iek\u0161\u0101 nepiecie\u0161ama E14 spuldze, iesak\u0101m izv\u0113l\u0113ties balta stikla, vienm\u0113r\u012bgakam izgaismojumam. Gaismeklim ir \u0113rta iesl\u0113g\u0161ana\/izsl\u0113g\u0161ana uz pa\u0161a gaismek\u013ca b\u0101zes. B\u016bs ide\u0101ls risin\u0101jums pie gultas.<\/p>\n","protected":false},"featured_media":159379,"template":"","meta":[],"product_cat":[127,147],"product_tag":[],"class_list":{"0":"post-159378","1":"product","2":"type-product","3":"status-publish","4":"has-post-thumbnail","6":"product_brand-ondaluce","7":"product_cat-apgaismojums","8":"product_cat-dekorativais","10":"first","11":"instock","12":"sale","13":"shipping-taxable","14":"purchasable","15":"product-type-simple","16":"hongo-alternate-image-wrap"},"_links":{"self":[{"href":"https:\/\/4room.lv\/ru\/wp-json\/wp\/v2\/product\/159378","targetHints":{"allow":["GET"]}}],"collection":[{"href":"https:\/\/4room.lv\/ru\/wp-json\/wp\/v2\/product"}],"about":[{"href":"https:\/\/4room.lv\/ru\/wp-json\/wp\/v2\/types\/product"}],"wp:featuredmedia":[{"embeddable":true,"href":"https:\/\/4room.lv\/ru\/wp-json\/wp\/v2\/media\/159379"}],"wp:attachment":[{"href":"https:\/\/4room.lv\/ru\/wp-json\/wp\/v2\/media?parent=159378"}],"wp:term":[{"taxonomy":"product_cat","embeddable":true,"href":"https:\/\/4room.lv\/ru\/wp-json\/wp\/v2\/product_cat?post=159378"},{"taxonomy":"product_tag","embeddable":true,"href":"https:\/\/4room.lv\/ru\/wp-json\/wp\/v2\/product_tag?post=159378"}],"curies":[{"name":"wp","href":"https:\/\/api.w.org\/{rel}","templated":true}]}}