{"id":159425,"date":"2025-06-12T11:25:11","date_gmt":"2025-06-12T08:25:11","guid":{"rendered":"https:\/\/4room.lv\/?post_type=product&#038;p=159425"},"modified":"2026-03-13T11:00:32","modified_gmt":"2026-03-13T09:00:32","slug":"turn-black-ip54","status":"publish","type":"product","link":"https:\/\/4room.lv\/ru\/veikals\/apgaismojums\/dekorativais\/turn-black-ip54\/","title":{"rendered":"Turn black IP54"},"content":{"rendered":"","protected":false},"excerpt":{"rendered":"<p>Funkcion\u0101ls sienas Led gaismeklis, kas ir ar virz\u0101mu gaismu unik\u0101l\u0101m gaismas sc\u0113n\u0101m. Tam ir mitrumnotur\u012bba, l\u012bdz ar to lietojams \u0101r\u0101, k\u0101 ar\u012b iek\u0161telp\u0101s.<\/p>\n","protected":false},"featured_media":159426,"template":"","meta":[],"product_cat":[127,150,147],"product_tag":[],"class_list":{"0":"post-159425","1":"product","2":"type-product","3":"status-publish","4":"has-post-thumbnail","6":"product_brand-ondaluce","7":"product_cat-apgaismojums","8":"product_cat-ara","9":"product_cat-dekorativais","11":"first","12":"instock","13":"sale","14":"shipping-taxable","15":"purchasable","16":"product-type-simple","17":"hongo-alternate-image-wrap"},"_links":{"self":[{"href":"https:\/\/4room.lv\/ru\/wp-json\/wp\/v2\/product\/159425","targetHints":{"allow":["GET"]}}],"collection":[{"href":"https:\/\/4room.lv\/ru\/wp-json\/wp\/v2\/product"}],"about":[{"href":"https:\/\/4room.lv\/ru\/wp-json\/wp\/v2\/types\/product"}],"wp:featuredmedia":[{"embeddable":true,"href":"https:\/\/4room.lv\/ru\/wp-json\/wp\/v2\/media\/159426"}],"wp:attachment":[{"href":"https:\/\/4room.lv\/ru\/wp-json\/wp\/v2\/media?parent=159425"}],"wp:term":[{"taxonomy":"product_cat","embeddable":true,"href":"https:\/\/4room.lv\/ru\/wp-json\/wp\/v2\/product_cat?post=159425"},{"taxonomy":"product_tag","embeddable":true,"href":"https:\/\/4room.lv\/ru\/wp-json\/wp\/v2\/product_tag?post=159425"}],"curies":[{"name":"wp","href":"https:\/\/api.w.org\/{rel}","templated":true}]}}