{"id":159435,"date":"2025-06-12T12:24:08","date_gmt":"2025-06-12T09:24:08","guid":{"rendered":"https:\/\/4room.lv\/?post_type=product&#038;p=159435"},"modified":"2025-06-12T12:40:50","modified_gmt":"2025-06-12T09:40:50","slug":"lex-3-black","status":"publish","type":"product","link":"https:\/\/4room.lv\/ru\/veikals\/apgaismojums\/dekorativais\/lex-3-black\/","title":{"rendered":"Lex 3 black"},"content":{"rendered":"","protected":false},"excerpt":{"rendered":"<p>Ask\u0113tisks Led gaismeklis, kas lieliski izgaismo virsmu un b\u016bs labs variants k\u0101 virs \u0113damgalda, t\u0101 ofis\u0101. Katram no tr\u012bs pendantiem ir 5W\u00a0 Led, kas dod optim\u0101lu gaismu. Gaismekli ir iesp\u0113ja dim\u0113t.<\/p>\n<p>Pieejams ar\u012b balts, k\u0101 ar\u012b cit\u0101s kompoz\u012bcij\u0101s.<\/p>\n","protected":false},"featured_media":159436,"template":"","meta":[],"product_cat":[127,148,147],"product_tag":[],"class_list":{"0":"post-159435","1":"product","2":"type-product","3":"status-publish","4":"has-post-thumbnail","6":"product_brand-ondaluce","7":"product_cat-apgaismojums","8":"product_cat-arhitekturalais","9":"product_cat-dekorativais","11":"first","12":"instock","13":"sale","14":"shipping-taxable","15":"purchasable","16":"product-type-simple","17":"hongo-alternate-image-wrap"},"_links":{"self":[{"href":"https:\/\/4room.lv\/ru\/wp-json\/wp\/v2\/product\/159435","targetHints":{"allow":["GET"]}}],"collection":[{"href":"https:\/\/4room.lv\/ru\/wp-json\/wp\/v2\/product"}],"about":[{"href":"https:\/\/4room.lv\/ru\/wp-json\/wp\/v2\/types\/product"}],"wp:featuredmedia":[{"embeddable":true,"href":"https:\/\/4room.lv\/ru\/wp-json\/wp\/v2\/media\/159436"}],"wp:attachment":[{"href":"https:\/\/4room.lv\/ru\/wp-json\/wp\/v2\/media?parent=159435"}],"wp:term":[{"taxonomy":"product_cat","embeddable":true,"href":"https:\/\/4room.lv\/ru\/wp-json\/wp\/v2\/product_cat?post=159435"},{"taxonomy":"product_tag","embeddable":true,"href":"https:\/\/4room.lv\/ru\/wp-json\/wp\/v2\/product_tag?post=159435"}],"curies":[{"name":"wp","href":"https:\/\/api.w.org\/{rel}","templated":true}]}}