{"id":159513,"date":"2025-06-12T17:44:50","date_gmt":"2025-06-12T14:44:50","guid":{"rendered":"https:\/\/4room.lv\/?post_type=product&#038;p=159513"},"modified":"2026-03-13T11:00:31","modified_gmt":"2026-03-13T09:00:31","slug":"owen-bollard-brown","status":"publish","type":"product","link":"https:\/\/4room.lv\/ru\/veikals\/apgaismojums\/ara\/owen-bollard-brown\/","title":{"rendered":"Owen bollard brown"},"content":{"rendered":"","protected":false},"excerpt":{"rendered":"<p>D\u0101rza Led stabs simp\u0101tisk\u0101 br\u016bn\u0101 ton\u012b. Tas ir lielisks risin\u0101jums taci\u0146u izgaismo\u0161anai d\u0101rza, jo sp\u012bd le\u0146\u0137i uz leju, izgaismojot tikai zemmi, radot pat\u012bkamu gaismu, neradot diskomfortu ac\u012bm.<\/p>\n","protected":false},"featured_media":159514,"template":"","meta":[],"product_cat":[127,150],"product_tag":[],"class_list":{"0":"post-159513","1":"product","2":"type-product","3":"status-publish","4":"has-post-thumbnail","6":"product_brand-ondaluce","7":"product_cat-apgaismojums","8":"product_cat-ara","10":"first","11":"instock","12":"sale","13":"shipping-taxable","14":"purchasable","15":"product-type-simple"},"_links":{"self":[{"href":"https:\/\/4room.lv\/ru\/wp-json\/wp\/v2\/product\/159513","targetHints":{"allow":["GET"]}}],"collection":[{"href":"https:\/\/4room.lv\/ru\/wp-json\/wp\/v2\/product"}],"about":[{"href":"https:\/\/4room.lv\/ru\/wp-json\/wp\/v2\/types\/product"}],"wp:featuredmedia":[{"embeddable":true,"href":"https:\/\/4room.lv\/ru\/wp-json\/wp\/v2\/media\/159514"}],"wp:attachment":[{"href":"https:\/\/4room.lv\/ru\/wp-json\/wp\/v2\/media?parent=159513"}],"wp:term":[{"taxonomy":"product_cat","embeddable":true,"href":"https:\/\/4room.lv\/ru\/wp-json\/wp\/v2\/product_cat?post=159513"},{"taxonomy":"product_tag","embeddable":true,"href":"https:\/\/4room.lv\/ru\/wp-json\/wp\/v2\/product_tag?post=159513"}],"curies":[{"name":"wp","href":"https:\/\/api.w.org\/{rel}","templated":true}]}}