{"id":159621,"date":"2025-06-17T12:20:32","date_gmt":"2025-06-17T09:20:32","guid":{"rendered":"https:\/\/4room.lv\/?post_type=product&#038;p=159621"},"modified":"2025-12-28T19:18:58","modified_gmt":"2025-12-28T17:18:58","slug":"table-lamp-lena-black","status":"publish","type":"product","link":"https:\/\/4room.lv\/ru\/veikals\/apgaismojums\/dekorativais\/table-lamp-lena-black\/","title":{"rendered":"Table Lamp Lena Black"},"content":{"rendered":"","protected":false},"excerpt":{"rendered":"<p>Interesanta galda lampa no melna met\u0101la t\u012bkla aba\u017e\u016bra neregul\u0101r\u0101 form\u0101 uz stabilas met\u0101la k\u0101jas. Ar sl\u0113dzi uz vada. Gaismeklim nepiecie\u0161ama 1xE27 spuld\u017e\u012bte, kuru var izvel\u0113ties p\u0113c saviem ieskatiem, bet iesak\u0101m likt retro tipa lampu ar siltu toni, kas rad\u012bs \u012bpasi maj\u012bgu un skaistu efektu.<\/p>\n<p>&nbsp;<\/p>\n","protected":false},"featured_media":159622,"template":"","meta":[],"product_cat":[127,147],"product_tag":[],"class_list":{"0":"post-159621","1":"product","2":"type-product","3":"status-publish","4":"has-post-thumbnail","6":"product_brand-dutch-bone","7":"product_brand-white-label-living","8":"product_brand-zuiver","9":"product_cat-apgaismojums","10":"product_cat-dekorativais","12":"first","13":"instock","14":"shipping-taxable","15":"purchasable","16":"product-type-simple","17":"hongo-alternate-image-wrap"},"_links":{"self":[{"href":"https:\/\/4room.lv\/ru\/wp-json\/wp\/v2\/product\/159621","targetHints":{"allow":["GET"]}}],"collection":[{"href":"https:\/\/4room.lv\/ru\/wp-json\/wp\/v2\/product"}],"about":[{"href":"https:\/\/4room.lv\/ru\/wp-json\/wp\/v2\/types\/product"}],"wp:featuredmedia":[{"embeddable":true,"href":"https:\/\/4room.lv\/ru\/wp-json\/wp\/v2\/media\/159622"}],"wp:attachment":[{"href":"https:\/\/4room.lv\/ru\/wp-json\/wp\/v2\/media?parent=159621"}],"wp:term":[{"taxonomy":"product_cat","embeddable":true,"href":"https:\/\/4room.lv\/ru\/wp-json\/wp\/v2\/product_cat?post=159621"},{"taxonomy":"product_tag","embeddable":true,"href":"https:\/\/4room.lv\/ru\/wp-json\/wp\/v2\/product_tag?post=159621"}],"curies":[{"name":"wp","href":"https:\/\/api.w.org\/{rel}","templated":true}]}}