{"id":159885,"date":"2025-05-29T14:47:21","date_gmt":"2025-05-29T11:47:21","guid":{"rendered":"https:\/\/4room.lv\/?post_type=product&#038;p=159885"},"modified":"2025-12-28T19:18:58","modified_gmt":"2025-12-28T17:18:58","slug":"cabinet-damian-high","status":"publish","type":"product","link":"https:\/\/4room.lv\/ru\/veikals\/mebeles\/plaukti-un-skapji\/cabinet-damian-high\/","title":{"rendered":"Cabinet Damian High"},"content":{"rendered":"","protected":false},"excerpt":{"rendered":"<p>Vai sap\u0146o par savu v\u012bna staciju? Iesp\u0113jams sen jau v\u0113lies ieviest savu b\u0101ri\u0146u, ko atr\u0101d\u012bt ciemi\u0146iem un priec\u0113t pats sevi ar savu m\u012blako dz\u0113rienu un gl\u0101\u017eu izlasi ekspon\u0113tu tie\u0161i pa rokai.<\/p>\n<p>\u0160is plaukts ir lielisks risinajums, jo taj\u0101 var \u0113rti sak\u0101rtt gl\u0101zes uz aug\u0161\u0101 eso\u0161aj\u0101m slied\u0113m, plaukt\u0101 salikt pudeles, ka a\u0157\u012b ir divas atvilknes piederumiem. Plaukts ir tum\u0161i pel\u0113ks dzelzs, virsmas ir dab\u012bga baltegle.<\/p>\n","protected":false},"featured_media":159886,"template":"","meta":[],"product_cat":[129,143],"product_tag":[],"class_list":{"0":"post-159885","1":"product","2":"type-product","3":"status-publish","4":"has-post-thumbnail","6":"product_brand-dutch-bone","7":"product_brand-white-label-living","8":"product_brand-zuiver","9":"product_cat-mebeles","10":"product_cat-plaukti-un-skapji","12":"first","13":"instock","14":"shipping-taxable","15":"purchasable","16":"product-type-simple","17":"hongo-alternate-image-wrap"},"_links":{"self":[{"href":"https:\/\/4room.lv\/ru\/wp-json\/wp\/v2\/product\/159885","targetHints":{"allow":["GET"]}}],"collection":[{"href":"https:\/\/4room.lv\/ru\/wp-json\/wp\/v2\/product"}],"about":[{"href":"https:\/\/4room.lv\/ru\/wp-json\/wp\/v2\/types\/product"}],"wp:featuredmedia":[{"embeddable":true,"href":"https:\/\/4room.lv\/ru\/wp-json\/wp\/v2\/media\/159886"}],"wp:attachment":[{"href":"https:\/\/4room.lv\/ru\/wp-json\/wp\/v2\/media?parent=159885"}],"wp:term":[{"taxonomy":"product_cat","embeddable":true,"href":"https:\/\/4room.lv\/ru\/wp-json\/wp\/v2\/product_cat?post=159885"},{"taxonomy":"product_tag","embeddable":true,"href":"https:\/\/4room.lv\/ru\/wp-json\/wp\/v2\/product_tag?post=159885"}],"curies":[{"name":"wp","href":"https:\/\/api.w.org\/{rel}","templated":true}]}}