{"id":159907,"date":"2025-06-29T15:24:32","date_gmt":"2025-06-29T12:24:32","guid":{"rendered":"https:\/\/4room.lv\/?post_type=product&#038;p=159907"},"modified":"2025-12-28T19:18:57","modified_gmt":"2025-12-28T17:18:57","slug":"cabinet-mil","status":"publish","type":"product","link":"https:\/\/4room.lv\/ru\/veikals\/mebeles\/plaukti-un-skapji\/cabinet-mil\/","title":{"rendered":"Cabinet Mil"},"content":{"rendered":"","protected":false},"excerpt":{"rendered":"<p>Elegants plaukts j\u016bsu dz\u0113rienu izlasei. Melns dzelzs r\u0101mis ar za\u013ca marmora pl\u0101k\u0161\u0146u plauktiem. Pude\u013cu izvieto\u0161anai ir unik\u0101ls konjakkr\u0101sas \u0101das siksnu risin\u0101jums. Kop\u0101 materi\u0101li rada\u00a0 bag\u0101t\u012bgu un dizain\u0101\u00a0 unik\u0101lu m\u0113beli.<\/p>\n","protected":false},"featured_media":159908,"template":"","meta":[],"product_cat":[129,143],"product_tag":[],"class_list":{"0":"post-159907","1":"product","2":"type-product","3":"status-publish","4":"has-post-thumbnail","6":"product_brand-dutch-bone","7":"product_brand-white-label-living","8":"product_brand-zuiver","9":"product_cat-mebeles","10":"product_cat-plaukti-un-skapji","12":"first","13":"instock","14":"shipping-taxable","15":"purchasable","16":"product-type-simple","17":"hongo-alternate-image-wrap"},"_links":{"self":[{"href":"https:\/\/4room.lv\/ru\/wp-json\/wp\/v2\/product\/159907","targetHints":{"allow":["GET"]}}],"collection":[{"href":"https:\/\/4room.lv\/ru\/wp-json\/wp\/v2\/product"}],"about":[{"href":"https:\/\/4room.lv\/ru\/wp-json\/wp\/v2\/types\/product"}],"wp:featuredmedia":[{"embeddable":true,"href":"https:\/\/4room.lv\/ru\/wp-json\/wp\/v2\/media\/159908"}],"wp:attachment":[{"href":"https:\/\/4room.lv\/ru\/wp-json\/wp\/v2\/media?parent=159907"}],"wp:term":[{"taxonomy":"product_cat","embeddable":true,"href":"https:\/\/4room.lv\/ru\/wp-json\/wp\/v2\/product_cat?post=159907"},{"taxonomy":"product_tag","embeddable":true,"href":"https:\/\/4room.lv\/ru\/wp-json\/wp\/v2\/product_tag?post=159907"}],"curies":[{"name":"wp","href":"https:\/\/api.w.org\/{rel}","templated":true}]}}