{"id":159952,"date":"2025-06-29T16:12:57","date_gmt":"2025-06-29T13:12:57","guid":{"rendered":"https:\/\/4room.lv\/?post_type=product&#038;p=159952"},"modified":"2025-12-28T19:18:57","modified_gmt":"2025-12-28T17:18:57","slug":"chair-wakefield-beige","status":"publish","type":"product","link":"https:\/\/4room.lv\/ru\/veikals\/mebeles\/kresli\/chair-wakefield-beige\/","title":{"rendered":"Chair Wakefield Beige"},"content":{"rendered":"","protected":false},"excerpt":{"rendered":"<p>KJomfortabls un interesants dizain\u0101. \u0160is kr\u0113sls patiks gan tiem kas ciena komfortu, gan tiem kas mekl\u0113 kaut ko ar dizainisku odzi\u0146u un pat praktiskajiem, kas vel\u0101s viegli kopjamu. Kr\u0113slam ir m\u012bksts no\u0146emams m\u012bkstin\u0101jums s\u0113\u017eai, ko var no\u0146emt kop\u0161anai. Kr\u0101sls ir m\u0101j\u012bg\u0101 b\u0113\u0161a ton\u012b ar br\u016bngani b\u0113\u0161u m\u012bksto da\u013cu. Interesants akcent ir tas, ka kr\u0113sls \u0161uves ir redzamas, iz\u0161\u016btas br\u016bngani b\u0113\u0161aj\u0101 ton\u012b, k\u0101d\u0101 ir m\u012bkst\u0101 \u0161\u0113\u017eas da\u013ca, kas pies\u0137ir kr\u0113slam nelielu retro raksturu.<\/p>\n<p>N\u0101k iepakojum\u0101 pa 2 gab. Cena nor\u0101d\u012bta par vienu.<\/p>\n","protected":false},"featured_media":159953,"template":"","meta":[],"product_cat":[129,144],"product_tag":[],"class_list":{"0":"post-159952","1":"product","2":"type-product","3":"status-publish","4":"has-post-thumbnail","6":"product_brand-dutch-bone","7":"product_brand-white-label-living","8":"product_brand-zuiver","9":"product_cat-mebeles","10":"product_cat-kresli","12":"first","13":"instock","14":"shipping-taxable","15":"purchasable","16":"product-type-simple","17":"hongo-alternate-image-wrap"},"_links":{"self":[{"href":"https:\/\/4room.lv\/ru\/wp-json\/wp\/v2\/product\/159952","targetHints":{"allow":["GET"]}}],"collection":[{"href":"https:\/\/4room.lv\/ru\/wp-json\/wp\/v2\/product"}],"about":[{"href":"https:\/\/4room.lv\/ru\/wp-json\/wp\/v2\/types\/product"}],"wp:featuredmedia":[{"embeddable":true,"href":"https:\/\/4room.lv\/ru\/wp-json\/wp\/v2\/media\/159953"}],"wp:attachment":[{"href":"https:\/\/4room.lv\/ru\/wp-json\/wp\/v2\/media?parent=159952"}],"wp:term":[{"taxonomy":"product_cat","embeddable":true,"href":"https:\/\/4room.lv\/ru\/wp-json\/wp\/v2\/product_cat?post=159952"},{"taxonomy":"product_tag","embeddable":true,"href":"https:\/\/4room.lv\/ru\/wp-json\/wp\/v2\/product_tag?post=159952"}],"curies":[{"name":"wp","href":"https:\/\/api.w.org\/{rel}","templated":true}]}}