{"id":160091,"date":"2025-07-27T14:57:00","date_gmt":"2025-07-27T11:57:00","guid":{"rendered":"https:\/\/4room.lv\/?post_type=product&#038;p=160091"},"modified":"2025-12-28T19:18:57","modified_gmt":"2025-12-28T17:18:57","slug":"armchair-flexback-boucle-black","status":"publish","type":"product","link":"https:\/\/4room.lv\/ru\/veikals\/mebeles\/kresli\/armchair-flexback-boucle-black\/","title":{"rendered":"Armchair Flexback Boucle Black"},"content":{"rendered":"","protected":false},"excerpt":{"rendered":"<p>Komfortabls un stil\u012bgs kr\u0113sls, ar platu un \u0113rtu atzveltni un roku balstiem. Tas ar\u012b ir iztur\u012bgs un b\u016bs piem\u0113rots k\u0101 m\u0101joklim, t\u0101 publisk\u0101m telp\u0101m. Melnas koka k\u0101jas un aktu\u0101lais bukl\u0113 audums meln\u0101 izpild\u012bjum\u0101 viegli integr\u0113sies da\u017e\u0101dos interjeros un b\u016bs \u0113rti kopjams risin\u0101jums. Efekt\u012bgais dizains noteikti izcelsies j\u016bsu interjer\u0101, padarot telpu m\u016bsdien\u012bgu.<\/p>\n<p>N\u0101k iepakojum\u0101 pa 2gab, cena nor\u0101d\u012bta par vienu.<\/p>\n","protected":false},"featured_media":160092,"template":"","meta":[],"product_cat":[129,144],"product_tag":[],"class_list":{"0":"post-160091","1":"product","2":"type-product","3":"status-publish","4":"has-post-thumbnail","6":"product_brand-dutch-bone","7":"product_brand-white-label-living","8":"product_brand-zuiver","9":"product_cat-mebeles","10":"product_cat-kresli","12":"first","13":"instock","14":"shipping-taxable","15":"purchasable","16":"product-type-simple","17":"hongo-alternate-image-wrap"},"_links":{"self":[{"href":"https:\/\/4room.lv\/ru\/wp-json\/wp\/v2\/product\/160091","targetHints":{"allow":["GET"]}}],"collection":[{"href":"https:\/\/4room.lv\/ru\/wp-json\/wp\/v2\/product"}],"about":[{"href":"https:\/\/4room.lv\/ru\/wp-json\/wp\/v2\/types\/product"}],"wp:featuredmedia":[{"embeddable":true,"href":"https:\/\/4room.lv\/ru\/wp-json\/wp\/v2\/media\/160092"}],"wp:attachment":[{"href":"https:\/\/4room.lv\/ru\/wp-json\/wp\/v2\/media?parent=160091"}],"wp:term":[{"taxonomy":"product_cat","embeddable":true,"href":"https:\/\/4room.lv\/ru\/wp-json\/wp\/v2\/product_cat?post=160091"},{"taxonomy":"product_tag","embeddable":true,"href":"https:\/\/4room.lv\/ru\/wp-json\/wp\/v2\/product_tag?post=160091"}],"curies":[{"name":"wp","href":"https:\/\/api.w.org\/{rel}","templated":true}]}}