{"id":160216,"date":"2025-08-10T13:47:23","date_gmt":"2025-08-10T10:47:23","guid":{"rendered":"https:\/\/4room.lv\/?post_type=product&#038;p=160216"},"modified":"2025-12-28T19:18:57","modified_gmt":"2025-12-28T17:18:57","slug":"desk-table-kaat-natural","status":"publish","type":"product","link":"https:\/\/4room.lv\/ru\/veikals\/biroja-mebeles\/biroja-galdi\/desk-table-kaat-natural\/","title":{"rendered":"Desk Table Kaat Natural"},"content":{"rendered":"","protected":false},"excerpt":{"rendered":"<p>Kaat ir klasiska koka rakst\u0101mgalda dizainisk\u0101ks izpild\u012bjums, kas integr\u0113ts ar vis\u0101m m\u016bsdienu pras\u012bb\u0101m. Izbaudiet darba vietu ide\u0101l\u0101 augstum\u0101 ar pietiekami daudz vietas mantu pasl\u0113p\u0161anai un viediem risin\u0101jumiem uzl\u0101des kabe\u013cu nosl\u0113p\u0161anai.\u00a0 Kaat ir ide\u0101ls papildin\u0101jums j\u016bsu m\u0101jas birojam, gu\u013camistabai vai viesistabai.<\/p>\n<p>Kaat rakst\u0101mgalds ir izgatavots no ozola finiera un o\u0161a koka dab\u012bgaj\u0101 ton\u012b.<\/p>\n<p>Kaat ir daudz ieb\u016bv\u0113tas uzglab\u0101\u0161anas vietas ar trim plauktiem aug\u0161pus\u0113 un div\u0101m atvilktn\u0113m iek\u0161pus\u0113.<br \/>\nVid\u0113jam plauktam aug\u0161pus\u0113 ir ieb\u016bv\u0113ta atvere kabe\u013cu pasl\u0113p\u0161anai un organiz\u0113\u0161anai.<\/p>\n","protected":false},"featured_media":160217,"template":"","meta":[],"product_cat":[131,338,129,142],"product_tag":[],"class_list":{"0":"post-160216","1":"product","2":"type-product","3":"status-publish","4":"has-post-thumbnail","6":"product_brand-dutch-bone","7":"product_brand-white-label-living","8":"product_brand-zuiver","9":"product_cat-biroja-mebeles","10":"product_cat-biroja-galdi","11":"product_cat-mebeles","12":"product_cat-galdi","14":"first","15":"instock","16":"shipping-taxable","17":"purchasable","18":"product-type-simple","19":"hongo-alternate-image-wrap"},"_links":{"self":[{"href":"https:\/\/4room.lv\/ru\/wp-json\/wp\/v2\/product\/160216","targetHints":{"allow":["GET"]}}],"collection":[{"href":"https:\/\/4room.lv\/ru\/wp-json\/wp\/v2\/product"}],"about":[{"href":"https:\/\/4room.lv\/ru\/wp-json\/wp\/v2\/types\/product"}],"wp:featuredmedia":[{"embeddable":true,"href":"https:\/\/4room.lv\/ru\/wp-json\/wp\/v2\/media\/160217"}],"wp:attachment":[{"href":"https:\/\/4room.lv\/ru\/wp-json\/wp\/v2\/media?parent=160216"}],"wp:term":[{"taxonomy":"product_cat","embeddable":true,"href":"https:\/\/4room.lv\/ru\/wp-json\/wp\/v2\/product_cat?post=160216"},{"taxonomy":"product_tag","embeddable":true,"href":"https:\/\/4room.lv\/ru\/wp-json\/wp\/v2\/product_tag?post=160216"}],"curies":[{"name":"wp","href":"https:\/\/api.w.org\/{rel}","templated":true}]}}