{"id":160279,"date":"2025-08-07T14:39:09","date_gmt":"2025-08-07T11:39:09","guid":{"rendered":"https:\/\/4room.lv\/?post_type=product&#038;p=160279"},"modified":"2025-08-07T14:39:09","modified_gmt":"2025-08-07T11:39:09","slug":"flex-small-floor-o220mm-ice-blue","status":"publish","type":"product","link":"https:\/\/4room.lv\/ru\/veikals\/apgaismojums\/dekorativais\/flex-small-floor-o220mm-ice-blue\/","title":{"rendered":"FLEX SMALL FLOOR \u00f8220mm Ice blue"},"content":{"rendered":"","protected":false},"excerpt":{"rendered":"<p>Funkcion\u0101la un stil\u012bga st\u0101vlampa no 4Room.\u00a0 Tai ir melna met\u0101la p\u0113da ar lok\u0101mu hrometu da\u013cu pie aba\u017e\u016bra. Gaismekli var izloc\u012bt k\u0101 un uz kuru pusi vien v\u0113laties. Konkr\u0113t\u0101s lampas aba\u017e\u016brs ir simp\u0101tisk\u0101 zil\u0101 sat\u012bn\u0101. Ta\u010du, t\u0101 k\u0101 gaismek\u013ci tiek ra\u017eoti p\u0113c pas\u016bt\u012bjuma, tad ir iesp\u0113ja izvel\u0113ties ar\u012b citus to\u0146us. Met\u0101lu un audumu paraugi apskat\u0101mi pie mums salon\u0101.<\/p>\n<p>Gaismeklim nepeicie\u0161ama 1xE14 spuldze, kuru variet izvel\u0113ties p\u0113c saviem ieskatiem.<\/p>\n","protected":false},"featured_media":160280,"template":"","meta":[],"product_cat":[1058,127,147],"product_tag":[],"class_list":{"0":"post-160279","1":"product","2":"type-product","3":"status-publish","4":"has-post-thumbnail","6":"product_brand-4room","7":"product_cat-dizaina","8":"product_cat-apgaismojums","9":"product_cat-dekorativais","11":"first","12":"instock","13":"shipping-taxable","14":"purchasable","15":"product-type-simple"},"_links":{"self":[{"href":"https:\/\/4room.lv\/ru\/wp-json\/wp\/v2\/product\/160279","targetHints":{"allow":["GET"]}}],"collection":[{"href":"https:\/\/4room.lv\/ru\/wp-json\/wp\/v2\/product"}],"about":[{"href":"https:\/\/4room.lv\/ru\/wp-json\/wp\/v2\/types\/product"}],"wp:featuredmedia":[{"embeddable":true,"href":"https:\/\/4room.lv\/ru\/wp-json\/wp\/v2\/media\/160280"}],"wp:attachment":[{"href":"https:\/\/4room.lv\/ru\/wp-json\/wp\/v2\/media?parent=160279"}],"wp:term":[{"taxonomy":"product_cat","embeddable":true,"href":"https:\/\/4room.lv\/ru\/wp-json\/wp\/v2\/product_cat?post=160279"},{"taxonomy":"product_tag","embeddable":true,"href":"https:\/\/4room.lv\/ru\/wp-json\/wp\/v2\/product_tag?post=160279"}],"curies":[{"name":"wp","href":"https:\/\/api.w.org\/{rel}","templated":true}]}}