{"id":160355,"date":"2025-08-30T18:28:27","date_gmt":"2025-08-30T15:28:27","guid":{"rendered":"https:\/\/4room.lv\/?post_type=product&#038;p=160355"},"modified":"2025-10-17T10:46:26","modified_gmt":"2025-10-17T07:46:26","slug":"seaford-desk-black","status":"publish","type":"product","link":"https:\/\/4room.lv\/ru\/veikals\/biroja-mebeles\/biroja-galdi\/seaford-desk-black\/","title":{"rendered":"Seaford desk black"},"content":{"rendered":"","protected":false},"excerpt":{"rendered":"<p>Kompakts un funkcion\u0101ls rakst\u0101mgalds ar nodal\u012bjumu un atvilkni. Melna met\u0101la r\u0101mis un deta\u013cas, virsma melns koka fakt\u016bras lamin\u0101ts.<\/p>\n","protected":false},"featured_media":160356,"template":"","meta":[],"product_cat":[131,338,129,142],"product_tag":[],"class_list":{"0":"post-160355","1":"product","2":"type-product","3":"status-publish","4":"has-post-thumbnail","6":"product_cat-biroja-mebeles","7":"product_cat-biroja-galdi","8":"product_cat-mebeles","9":"product_cat-galdi","11":"first","12":"instock","13":"sale","14":"shipping-taxable","15":"purchasable","16":"product-type-simple","17":"hongo-alternate-image-wrap"},"_links":{"self":[{"href":"https:\/\/4room.lv\/ru\/wp-json\/wp\/v2\/product\/160355","targetHints":{"allow":["GET"]}}],"collection":[{"href":"https:\/\/4room.lv\/ru\/wp-json\/wp\/v2\/product"}],"about":[{"href":"https:\/\/4room.lv\/ru\/wp-json\/wp\/v2\/types\/product"}],"wp:featuredmedia":[{"embeddable":true,"href":"https:\/\/4room.lv\/ru\/wp-json\/wp\/v2\/media\/160356"}],"wp:attachment":[{"href":"https:\/\/4room.lv\/ru\/wp-json\/wp\/v2\/media?parent=160355"}],"wp:term":[{"taxonomy":"product_cat","embeddable":true,"href":"https:\/\/4room.lv\/ru\/wp-json\/wp\/v2\/product_cat?post=160355"},{"taxonomy":"product_tag","embeddable":true,"href":"https:\/\/4room.lv\/ru\/wp-json\/wp\/v2\/product_tag?post=160355"}],"curies":[{"name":"wp","href":"https:\/\/api.w.org\/{rel}","templated":true}]}}