{"id":160391,"date":"2025-08-08T20:54:07","date_gmt":"2025-08-08T17:54:07","guid":{"rendered":"https:\/\/4room.lv\/?post_type=product&#038;p=160391"},"modified":"2025-08-08T20:54:07","modified_gmt":"2025-08-08T17:54:07","slug":"devone-table-lamp-white","status":"publish","type":"product","link":"https:\/\/4room.lv\/ru\/veikals\/apgaismojums\/dekorativais\/devone-table-lamp-white\/","title":{"rendered":"Devone Table lamp White"},"content":{"rendered":"","protected":false},"excerpt":{"rendered":"<p>Jauka galda lampa balt\u0101 ton\u012b ar nelielu koka deta\u013cu. Tai ir praktisks trauci\u0146s, kur\u0101 variet likt kancelejas piederumus vai nosl\u0113pt k\u0101du na\u0161\u0137i, k\u0101 ar\u012b piem\u0113rots, lai izmantotu k\u0101 mobil\u0101 t\u0101lru\u0146a balstu.<\/p>\n","protected":false},"featured_media":160392,"template":"","meta":[],"product_cat":[127,147],"product_tag":[],"class_list":{"0":"post-160391","1":"product","2":"type-product","3":"status-publish","4":"has-post-thumbnail","6":"product_brand-nordlux","7":"product_cat-apgaismojums","8":"product_cat-dekorativais","10":"first","11":"instock","12":"shipping-taxable","13":"purchasable","14":"product-type-simple","15":"hongo-alternate-image-wrap"},"_links":{"self":[{"href":"https:\/\/4room.lv\/ru\/wp-json\/wp\/v2\/product\/160391","targetHints":{"allow":["GET"]}}],"collection":[{"href":"https:\/\/4room.lv\/ru\/wp-json\/wp\/v2\/product"}],"about":[{"href":"https:\/\/4room.lv\/ru\/wp-json\/wp\/v2\/types\/product"}],"wp:featuredmedia":[{"embeddable":true,"href":"https:\/\/4room.lv\/ru\/wp-json\/wp\/v2\/media\/160392"}],"wp:attachment":[{"href":"https:\/\/4room.lv\/ru\/wp-json\/wp\/v2\/media?parent=160391"}],"wp:term":[{"taxonomy":"product_cat","embeddable":true,"href":"https:\/\/4room.lv\/ru\/wp-json\/wp\/v2\/product_cat?post=160391"},{"taxonomy":"product_tag","embeddable":true,"href":"https:\/\/4room.lv\/ru\/wp-json\/wp\/v2\/product_tag?post=160391"}],"curies":[{"name":"wp","href":"https:\/\/api.w.org\/{rel}","templated":true}]}}