{"id":160405,"date":"2025-08-09T13:41:02","date_gmt":"2025-08-09T10:41:02","guid":{"rendered":"https:\/\/4room.lv\/?post_type=product&#038;p=160405"},"modified":"2025-10-17T10:47:10","modified_gmt":"2025-10-17T07:47:10","slug":"langley-desk","status":"publish","type":"product","link":"https:\/\/4room.lv\/ru\/veikals\/biroja-mebeles\/biroja-galdi\/langley-desk\/","title":{"rendered":"Langley desk"},"content":{"rendered":"","protected":false},"excerpt":{"rendered":"<p>Dizain\u0101 pievilc\u012bgs rakstamgalds\/konsoles galds ar atveram\u0101m durti\u0146\u0101m kur uzglab\u0101t nepeicie\u0161amo. B\u0101ze ir ozolkoks, virsma ozola finieris.<\/p>\n<p>&nbsp;<\/p>\n","protected":false},"featured_media":160406,"template":"","meta":[],"product_cat":[131,338,129,142],"product_tag":[],"class_list":{"0":"post-160405","1":"product","2":"type-product","3":"status-publish","4":"has-post-thumbnail","6":"product_cat-biroja-mebeles","7":"product_cat-biroja-galdi","8":"product_cat-mebeles","9":"product_cat-galdi","11":"first","12":"instock","13":"sale","14":"shipping-taxable","15":"purchasable","16":"product-type-simple","17":"hongo-alternate-image-wrap"},"_links":{"self":[{"href":"https:\/\/4room.lv\/ru\/wp-json\/wp\/v2\/product\/160405","targetHints":{"allow":["GET"]}}],"collection":[{"href":"https:\/\/4room.lv\/ru\/wp-json\/wp\/v2\/product"}],"about":[{"href":"https:\/\/4room.lv\/ru\/wp-json\/wp\/v2\/types\/product"}],"wp:featuredmedia":[{"embeddable":true,"href":"https:\/\/4room.lv\/ru\/wp-json\/wp\/v2\/media\/160406"}],"wp:attachment":[{"href":"https:\/\/4room.lv\/ru\/wp-json\/wp\/v2\/media?parent=160405"}],"wp:term":[{"taxonomy":"product_cat","embeddable":true,"href":"https:\/\/4room.lv\/ru\/wp-json\/wp\/v2\/product_cat?post=160405"},{"taxonomy":"product_tag","embeddable":true,"href":"https:\/\/4room.lv\/ru\/wp-json\/wp\/v2\/product_tag?post=160405"}],"curies":[{"name":"wp","href":"https:\/\/api.w.org\/{rel}","templated":true}]}}