{"id":160434,"date":"2025-09-09T14:00:38","date_gmt":"2025-09-09T11:00:38","guid":{"rendered":"https:\/\/4room.lv\/?post_type=product&#038;p=160434"},"modified":"2025-09-11T14:30:45","modified_gmt":"2025-09-11T11:30:45","slug":"mib-6-floor-lamp-black","status":"publish","type":"product","link":"https:\/\/4room.lv\/ru\/veikals\/apgaismojums\/dekorativais\/mib-6-floor-lamp-black\/","title":{"rendered":"MIB 6 Floor lamp Black"},"content":{"rendered":"","protected":false},"excerpt":{"rendered":"<p>M\u016bsdien\u012bga un eleganta st\u0101vlampa ar novirzamu gaismu. Tai ir \u0113rti novietots sl\u0113dzis uz gaismek\u013ca galvas. Pateicoties minimalistiskajam un nostr\u0101d\u0101tajam dizainam, t\u0101 lieliski ieder\u0113sies ikvien\u0101 interjer\u0101.<\/p>\n","protected":false},"featured_media":160438,"template":"","meta":[],"product_cat":[127,147],"product_tag":[],"class_list":{"0":"post-160434","1":"product","2":"type-product","3":"status-publish","4":"has-post-thumbnail","6":"product_brand-nordlux","7":"product_cat-apgaismojums","8":"product_cat-dekorativais","10":"first","11":"instock","12":"shipping-taxable","13":"purchasable","14":"product-type-simple","15":"hongo-alternate-image-wrap"},"_links":{"self":[{"href":"https:\/\/4room.lv\/ru\/wp-json\/wp\/v2\/product\/160434","targetHints":{"allow":["GET"]}}],"collection":[{"href":"https:\/\/4room.lv\/ru\/wp-json\/wp\/v2\/product"}],"about":[{"href":"https:\/\/4room.lv\/ru\/wp-json\/wp\/v2\/types\/product"}],"wp:featuredmedia":[{"embeddable":true,"href":"https:\/\/4room.lv\/ru\/wp-json\/wp\/v2\/media\/160438"}],"wp:attachment":[{"href":"https:\/\/4room.lv\/ru\/wp-json\/wp\/v2\/media?parent=160434"}],"wp:term":[{"taxonomy":"product_cat","embeddable":true,"href":"https:\/\/4room.lv\/ru\/wp-json\/wp\/v2\/product_cat?post=160434"},{"taxonomy":"product_tag","embeddable":true,"href":"https:\/\/4room.lv\/ru\/wp-json\/wp\/v2\/product_tag?post=160434"}],"curies":[{"name":"wp","href":"https:\/\/api.w.org\/{rel}","templated":true}]}}