{"id":160463,"date":"2025-08-05T14:15:42","date_gmt":"2025-08-05T11:15:42","guid":{"rendered":"https:\/\/4room.lv\/?post_type=product&#038;p=160463"},"modified":"2026-02-22T17:59:02","modified_gmt":"2026-02-22T15:59:02","slug":"center-lounge-chair-grey","status":"publish","type":"product","link":"https:\/\/4room.lv\/ru\/veikals\/mebeles\/kresli\/center-lounge-chair-grey\/","title":{"rendered":"Center lounge chair grey"},"content":{"rendered":"","protected":false},"excerpt":{"rendered":"<p>Atp\u016btas kr\u0113sls ar maig\u0101 pel\u0113k\u0101 velvet\u0101, ar meln\u0101m met\u0101la k\u0101j\u0101m. Lielisks m\u016bsdien\u012bgs akcents vida\u017e\u0101d\u0101kaj\u0101m telp\u0101m un interjeriem.<\/p>\n","protected":false},"featured_media":162159,"template":"","meta":[],"product_cat":[129,144],"product_tag":[],"class_list":{"0":"post-160463","1":"product","2":"type-product","3":"status-publish","4":"has-post-thumbnail","6":"product_cat-mebeles","7":"product_cat-kresli","9":"first","10":"instock","11":"sale","12":"shipping-taxable","13":"purchasable","14":"product-type-simple","15":"hongo-alternate-image-wrap"},"_links":{"self":[{"href":"https:\/\/4room.lv\/ru\/wp-json\/wp\/v2\/product\/160463","targetHints":{"allow":["GET"]}}],"collection":[{"href":"https:\/\/4room.lv\/ru\/wp-json\/wp\/v2\/product"}],"about":[{"href":"https:\/\/4room.lv\/ru\/wp-json\/wp\/v2\/types\/product"}],"wp:featuredmedia":[{"embeddable":true,"href":"https:\/\/4room.lv\/ru\/wp-json\/wp\/v2\/media\/162159"}],"wp:attachment":[{"href":"https:\/\/4room.lv\/ru\/wp-json\/wp\/v2\/media?parent=160463"}],"wp:term":[{"taxonomy":"product_cat","embeddable":true,"href":"https:\/\/4room.lv\/ru\/wp-json\/wp\/v2\/product_cat?post=160463"},{"taxonomy":"product_tag","embeddable":true,"href":"https:\/\/4room.lv\/ru\/wp-json\/wp\/v2\/product_tag?post=160463"}],"curies":[{"name":"wp","href":"https:\/\/api.w.org\/{rel}","templated":true}]}}