{"id":160538,"date":"2025-09-09T12:36:55","date_gmt":"2025-09-09T09:36:55","guid":{"rendered":"https:\/\/4room.lv\/?post_type=product&#038;p=160538"},"modified":"2025-09-11T13:55:17","modified_gmt":"2025-09-11T10:55:17","slug":"tonol-canvas-180x140cm","status":"publish","type":"product","link":"https:\/\/4room.lv\/ru\/veikals\/interjeram\/tonol-canvas-180x140cm\/","title":{"rendered":"Tonol canvas 180x140cm"},"content":{"rendered":"","protected":false},"excerpt":{"rendered":"<p>Abstrakts m\u0101kslas darbs aktu\u0101l\u0101 to\u0146u gamm\u0101. \u0160\u012bs gleznas iespaid\u012bgais izm\u0113rs un efekt\u012bg\u0101 formu un ot\u0146u izv\u0113le noteikti b\u016bs wow moments interjer\u0101!<\/p>\n<p>Glezna ir no audekla uz koka r\u0101mja.<\/p>\n","protected":false},"featured_media":160539,"template":"","meta":[],"product_cat":[130],"product_tag":[],"class_list":{"0":"post-160538","1":"product","2":"type-product","3":"status-publish","4":"has-post-thumbnail","6":"product_brand-kavehome","7":"product_cat-interjeram","9":"first","10":"instock","11":"shipping-taxable","12":"purchasable","13":"product-type-simple","14":"hongo-alternate-image-wrap"},"_links":{"self":[{"href":"https:\/\/4room.lv\/ru\/wp-json\/wp\/v2\/product\/160538","targetHints":{"allow":["GET"]}}],"collection":[{"href":"https:\/\/4room.lv\/ru\/wp-json\/wp\/v2\/product"}],"about":[{"href":"https:\/\/4room.lv\/ru\/wp-json\/wp\/v2\/types\/product"}],"wp:featuredmedia":[{"embeddable":true,"href":"https:\/\/4room.lv\/ru\/wp-json\/wp\/v2\/media\/160539"}],"wp:attachment":[{"href":"https:\/\/4room.lv\/ru\/wp-json\/wp\/v2\/media?parent=160538"}],"wp:term":[{"taxonomy":"product_cat","embeddable":true,"href":"https:\/\/4room.lv\/ru\/wp-json\/wp\/v2\/product_cat?post=160538"},{"taxonomy":"product_tag","embeddable":true,"href":"https:\/\/4room.lv\/ru\/wp-json\/wp\/v2\/product_tag?post=160538"}],"curies":[{"name":"wp","href":"https:\/\/api.w.org\/{rel}","templated":true}]}}