{"id":160561,"date":"2025-09-10T10:57:23","date_gmt":"2025-09-10T07:57:23","guid":{"rendered":"https:\/\/4room.lv\/?post_type=product&#038;p=160561"},"modified":"2025-09-11T13:57:34","modified_gmt":"2025-09-11T10:57:34","slug":"haze-table-lamp-beige","status":"publish","type":"product","link":"https:\/\/4room.lv\/ru\/veikals\/apgaismojums\/dekorativais\/haze-table-lamp-beige\/","title":{"rendered":"Haze Table lamp Beige"},"content":{"rendered":"","protected":false},"excerpt":{"rendered":"<p>Aktu\u0101la diezaina galda lampa maigos to\u0146os. Lampas b\u0101ze ir kr\u0113m\u012bga to\u0146a keramika, aba\u017e\u016brs ir lina auduma. Gaismeklis b\u016bs skaists dekors un rad\u012bs m\u0101j\u012bgu noska\u0146u interjer\u0101.<\/p>\n<p>Gaismeklim nepeicie\u0161ama E27 spuldze, kuru variet piemekl\u0113t p\u0113c sav\u0101m v\u0113lm\u0113m.<\/p>\n","protected":false},"featured_media":160562,"template":"","meta":[],"product_cat":[127,147],"product_tag":[],"class_list":{"0":"post-160561","1":"product","2":"type-product","3":"status-publish","4":"has-post-thumbnail","6":"product_brand-nordlux","7":"product_cat-apgaismojums","8":"product_cat-dekorativais","10":"first","11":"instock","12":"shipping-taxable","13":"purchasable","14":"product-type-simple","15":"hongo-alternate-image-wrap"},"_links":{"self":[{"href":"https:\/\/4room.lv\/ru\/wp-json\/wp\/v2\/product\/160561","targetHints":{"allow":["GET"]}}],"collection":[{"href":"https:\/\/4room.lv\/ru\/wp-json\/wp\/v2\/product"}],"about":[{"href":"https:\/\/4room.lv\/ru\/wp-json\/wp\/v2\/types\/product"}],"wp:featuredmedia":[{"embeddable":true,"href":"https:\/\/4room.lv\/ru\/wp-json\/wp\/v2\/media\/160562"}],"wp:attachment":[{"href":"https:\/\/4room.lv\/ru\/wp-json\/wp\/v2\/media?parent=160561"}],"wp:term":[{"taxonomy":"product_cat","embeddable":true,"href":"https:\/\/4room.lv\/ru\/wp-json\/wp\/v2\/product_cat?post=160561"},{"taxonomy":"product_tag","embeddable":true,"href":"https:\/\/4room.lv\/ru\/wp-json\/wp\/v2\/product_tag?post=160561"}],"curies":[{"name":"wp","href":"https:\/\/api.w.org\/{rel}","templated":true}]}}