{"id":160615,"date":"2025-08-13T11:53:54","date_gmt":"2025-08-13T08:53:54","guid":{"rendered":"https:\/\/4room.lv\/?post_type=product&#038;p=160615"},"modified":"2025-08-13T11:53:54","modified_gmt":"2025-08-13T08:53:54","slug":"alabaster-ring-60","status":"publish","type":"product","link":"https:\/\/4room.lv\/ru\/veikals\/apgaismojums\/dekorativais\/alabaster-ring-60\/","title":{"rendered":"Alabaster ring 60"},"content":{"rendered":"","protected":false},"excerpt":{"rendered":"<p>Jauns un unik\u0101ls modelis &#8212; Led ri\u0146\u0137is, kas izgatavots no dab\u012bga alabastera! Tas burv\u012bgi izgaismojas iesl\u0113gts, izce\u013cot akmens dab\u012bgo rakstu. Ta\u010du izcili izskat\u0101s izsl\u0113gt\u0101 veid\u0101, kalpojot par dekoru interjer\u0101. Apskat\u0101ms ar\u012b pie mums salon\u0101 un vi\u0146\u0161 ir j\u0101redz, lai apties\u0101m nov\u0113rt\u0113tu!<\/p>\n<p>Jaud\u012bgais Led ir dim\u0113jams uz Triac.<\/p>\n","protected":false},"featured_media":160616,"template":"","meta":[],"product_cat":[1058,127,147],"product_tag":[],"class_list":{"0":"post-160615","1":"product","2":"type-product","3":"status-publish","4":"has-post-thumbnail","6":"product_brand-zambelis","7":"product_cat-dizaina","8":"product_cat-apgaismojums","9":"product_cat-dekorativais","11":"first","12":"instock","13":"shipping-taxable","14":"purchasable","15":"product-type-simple","16":"hongo-alternate-image-wrap"},"_links":{"self":[{"href":"https:\/\/4room.lv\/ru\/wp-json\/wp\/v2\/product\/160615","targetHints":{"allow":["GET"]}}],"collection":[{"href":"https:\/\/4room.lv\/ru\/wp-json\/wp\/v2\/product"}],"about":[{"href":"https:\/\/4room.lv\/ru\/wp-json\/wp\/v2\/types\/product"}],"wp:featuredmedia":[{"embeddable":true,"href":"https:\/\/4room.lv\/ru\/wp-json\/wp\/v2\/media\/160616"}],"wp:attachment":[{"href":"https:\/\/4room.lv\/ru\/wp-json\/wp\/v2\/media?parent=160615"}],"wp:term":[{"taxonomy":"product_cat","embeddable":true,"href":"https:\/\/4room.lv\/ru\/wp-json\/wp\/v2\/product_cat?post=160615"},{"taxonomy":"product_tag","embeddable":true,"href":"https:\/\/4room.lv\/ru\/wp-json\/wp\/v2\/product_tag?post=160615"}],"curies":[{"name":"wp","href":"https:\/\/api.w.org\/{rel}","templated":true}]}}