{"id":160772,"date":"2025-08-20T10:32:21","date_gmt":"2025-08-20T07:32:21","guid":{"rendered":"https:\/\/4room.lv\/?post_type=product&#038;p=160772"},"modified":"2025-09-11T13:59:37","modified_gmt":"2025-09-11T10:59:37","slug":"hollow-led-taupe","status":"publish","type":"product","link":"https:\/\/4room.lv\/ru\/veikals\/apgaismojums\/arhitekturalais\/hollow-led-taupe\/","title":{"rendered":"Hollow Led taupe"},"content":{"rendered":"","protected":false},"excerpt":{"rendered":"<p>Augstv\u0113rt\u012bgs Led ieb\u016bv\u0113jamais gaismeklis eleganti b\u0113\u0161\u0101 ton\u012b. Tam ir laba gaismas atdeve ar vid\u0113ju stara le\u0146\u0137i, optim\u0101lai izgaismo\u0161anai standarta telp\u0101s. Piem\u0113rots ar\u012b mitr\u0101m telp\u0101m ar IP44\u00a0 aizsardz\u012bbu.<\/p>\n<p>Gaismeklim pieejami da\u017e\u0101di to\u0146i un dimm\u0113\u0161anas iesp\u0113jas. Vair\u0101k variet uzzin\u0101t v\u0113r\u0161oties pie mums.<\/p>\n","protected":false},"featured_media":160773,"template":"","meta":[],"product_cat":[127,148],"product_tag":[],"class_list":{"0":"post-160772","1":"product","2":"type-product","3":"status-publish","4":"has-post-thumbnail","6":"product_brand-aqform","7":"product_cat-apgaismojums","8":"product_cat-arhitekturalais","10":"first","11":"instock","12":"shipping-taxable","13":"purchasable","14":"product-type-simple"},"_links":{"self":[{"href":"https:\/\/4room.lv\/ru\/wp-json\/wp\/v2\/product\/160772","targetHints":{"allow":["GET"]}}],"collection":[{"href":"https:\/\/4room.lv\/ru\/wp-json\/wp\/v2\/product"}],"about":[{"href":"https:\/\/4room.lv\/ru\/wp-json\/wp\/v2\/types\/product"}],"wp:featuredmedia":[{"embeddable":true,"href":"https:\/\/4room.lv\/ru\/wp-json\/wp\/v2\/media\/160773"}],"wp:attachment":[{"href":"https:\/\/4room.lv\/ru\/wp-json\/wp\/v2\/media?parent=160772"}],"wp:term":[{"taxonomy":"product_cat","embeddable":true,"href":"https:\/\/4room.lv\/ru\/wp-json\/wp\/v2\/product_cat?post=160772"},{"taxonomy":"product_tag","embeddable":true,"href":"https:\/\/4room.lv\/ru\/wp-json\/wp\/v2\/product_tag?post=160772"}],"curies":[{"name":"wp","href":"https:\/\/api.w.org\/{rel}","templated":true}]}}