{"id":160790,"date":"2025-08-25T18:03:28","date_gmt":"2025-08-25T15:03:28","guid":{"rendered":"https:\/\/4room.lv\/?post_type=product&#038;p=160790"},"modified":"2025-08-25T18:03:28","modified_gmt":"2025-08-25T15:03:28","slug":"oja-42-2700k-3-step-ceiling-light-black","status":"publish","type":"product","link":"https:\/\/4room.lv\/ru\/veikals\/apgaismojums\/dekorativais\/oja-42-2700k-3-step-ceiling-light-black\/","title":{"rendered":"Oja 42 2700K 3-Step Ceiling light Black"},"content":{"rendered":"","protected":false},"excerpt":{"rendered":"<p>Led gaismeklis ar Step Dim funkciju, kur ar parasto gaismas sl\u0113dzi variet p\u0101rsl\u0113gt gaismas intensit\u0101ti tr\u012bs re\u017e\u012bmos. T\u0101 ir minim\u0101listiska dizaina, plana, ar \u0161auru melnu mali\u0146u akcentam. Gaismeklis vienm\u0113r\u012bgi izgaismo telpu un nedaudz atsp\u012bd uz griestiem, radot skaistu efektu.<\/p>\n<p>&nbsp;<\/p>\n","protected":false},"featured_media":160791,"template":"","meta":[],"product_cat":[127,148,147],"product_tag":[],"class_list":{"0":"post-160790","1":"product","2":"type-product","3":"status-publish","4":"has-post-thumbnail","6":"product_brand-nordlux","7":"product_cat-apgaismojums","8":"product_cat-arhitekturalais","9":"product_cat-dekorativais","11":"first","12":"instock","13":"shipping-taxable","14":"purchasable","15":"product-type-simple"},"_links":{"self":[{"href":"https:\/\/4room.lv\/ru\/wp-json\/wp\/v2\/product\/160790","targetHints":{"allow":["GET"]}}],"collection":[{"href":"https:\/\/4room.lv\/ru\/wp-json\/wp\/v2\/product"}],"about":[{"href":"https:\/\/4room.lv\/ru\/wp-json\/wp\/v2\/types\/product"}],"wp:featuredmedia":[{"embeddable":true,"href":"https:\/\/4room.lv\/ru\/wp-json\/wp\/v2\/media\/160791"}],"wp:attachment":[{"href":"https:\/\/4room.lv\/ru\/wp-json\/wp\/v2\/media?parent=160790"}],"wp:term":[{"taxonomy":"product_cat","embeddable":true,"href":"https:\/\/4room.lv\/ru\/wp-json\/wp\/v2\/product_cat?post=160790"},{"taxonomy":"product_tag","embeddable":true,"href":"https:\/\/4room.lv\/ru\/wp-json\/wp\/v2\/product_tag?post=160790"}],"curies":[{"name":"wp","href":"https:\/\/api.w.org\/{rel}","templated":true}]}}