{"id":160797,"date":"2025-08-28T18:02:27","date_gmt":"2025-08-28T15:02:27","guid":{"rendered":"https:\/\/4room.lv\/?post_type=product&#038;p=160797"},"modified":"2025-08-28T18:02:27","modified_gmt":"2025-08-28T15:02:27","slug":"niro-pendant","status":"publish","type":"product","link":"https:\/\/4room.lv\/ru\/veikals\/apgaismojums\/dekorativais\/niro-pendant\/","title":{"rendered":"Niro pendant"},"content":{"rendered":"","protected":false},"excerpt":{"rendered":"<p>Elegants line\u0101rais gaismeklis ar dim\u0113jamu Led. Tam ir skaisti rievots met\u0101la korpuss ar valrieksta deta\u013c\u0101m, kas pie\u0161\u0137ir \u012bpa\u0161u raksturu un dizaina eleganci. Ideals risin\u0101jums virs galda vai letes.<\/p>\n","protected":false},"featured_media":160810,"template":"","meta":[],"product_cat":[1058,127,147],"product_tag":[],"class_list":{"0":"post-160797","1":"product","2":"type-product","3":"status-publish","4":"has-post-thumbnail","6":"product_brand-aromas-del-campo","7":"product_cat-dizaina","8":"product_cat-apgaismojums","9":"product_cat-dekorativais","11":"first","12":"instock","13":"shipping-taxable","14":"purchasable","15":"product-type-simple","16":"hongo-alternate-image-wrap"},"_links":{"self":[{"href":"https:\/\/4room.lv\/ru\/wp-json\/wp\/v2\/product\/160797","targetHints":{"allow":["GET"]}}],"collection":[{"href":"https:\/\/4room.lv\/ru\/wp-json\/wp\/v2\/product"}],"about":[{"href":"https:\/\/4room.lv\/ru\/wp-json\/wp\/v2\/types\/product"}],"wp:featuredmedia":[{"embeddable":true,"href":"https:\/\/4room.lv\/ru\/wp-json\/wp\/v2\/media\/160810"}],"wp:attachment":[{"href":"https:\/\/4room.lv\/ru\/wp-json\/wp\/v2\/media?parent=160797"}],"wp:term":[{"taxonomy":"product_cat","embeddable":true,"href":"https:\/\/4room.lv\/ru\/wp-json\/wp\/v2\/product_cat?post=160797"},{"taxonomy":"product_tag","embeddable":true,"href":"https:\/\/4room.lv\/ru\/wp-json\/wp\/v2\/product_tag?post=160797"}],"curies":[{"name":"wp","href":"https:\/\/api.w.org\/{rel}","templated":true}]}}