{"id":160817,"date":"2025-08-31T18:18:07","date_gmt":"2025-08-31T15:18:07","guid":{"rendered":"https:\/\/4room.lv\/?post_type=product&#038;p=160817"},"modified":"2025-08-31T18:18:07","modified_gmt":"2025-08-31T15:18:07","slug":"pendant-lamp-fiberglass-2","status":"publish","type":"product","link":"https:\/\/4room.lv\/ru\/veikals\/apgaismojums\/dekorativais\/pendant-lamp-fiberglass-2\/","title":{"rendered":"PENDANT LAMP FIBERGLASS"},"content":{"rendered":"","protected":false},"excerpt":{"rendered":"<p>Wabisabi stila gaismeklis \u012bpa\u0161am akcentam interjer\u0101. Maiga neregular\u0101 forma ar uz leju v\u0113rstu apgaismojumu. Skaists viens pats, bet lielisku efektu rada vair\u0101ku gaismek\u013cu kombin\u0101cija.<\/p>\n","protected":false},"featured_media":160824,"template":"","meta":[],"product_cat":[127,147],"product_tag":[],"class_list":{"0":"post-160817","1":"product","2":"type-product","3":"status-publish","4":"has-post-thumbnail","6":"product_brand-zambelis","7":"product_cat-apgaismojums","8":"product_cat-dekorativais","10":"first","11":"instock","12":"shipping-taxable","13":"purchasable","14":"product-type-simple","15":"hongo-alternate-image-wrap"},"_links":{"self":[{"href":"https:\/\/4room.lv\/ru\/wp-json\/wp\/v2\/product\/160817","targetHints":{"allow":["GET"]}}],"collection":[{"href":"https:\/\/4room.lv\/ru\/wp-json\/wp\/v2\/product"}],"about":[{"href":"https:\/\/4room.lv\/ru\/wp-json\/wp\/v2\/types\/product"}],"wp:featuredmedia":[{"embeddable":true,"href":"https:\/\/4room.lv\/ru\/wp-json\/wp\/v2\/media\/160824"}],"wp:attachment":[{"href":"https:\/\/4room.lv\/ru\/wp-json\/wp\/v2\/media?parent=160817"}],"wp:term":[{"taxonomy":"product_cat","embeddable":true,"href":"https:\/\/4room.lv\/ru\/wp-json\/wp\/v2\/product_cat?post=160817"},{"taxonomy":"product_tag","embeddable":true,"href":"https:\/\/4room.lv\/ru\/wp-json\/wp\/v2\/product_tag?post=160817"}],"curies":[{"name":"wp","href":"https:\/\/api.w.org\/{rel}","templated":true}]}}