{"id":160840,"date":"2025-08-31T19:31:18","date_gmt":"2025-08-31T16:31:18","guid":{"rendered":"https:\/\/4room.lv\/?post_type=product&#038;p=160840"},"modified":"2025-08-31T19:31:18","modified_gmt":"2025-08-31T16:31:18","slug":"elvissa-marrone","status":"publish","type":"product","link":"https:\/\/4room.lv\/ru\/veikals\/mebeles\/kresli\/elvissa-marrone\/","title":{"rendered":"Elvissa Marrone"},"content":{"rendered":"","protected":false},"excerpt":{"rendered":"<p>Elegants ita\u013cu dizains bez jebk\u0101 lieka. \u0112damistabas kr\u0113sls skaisti br\u016bnos to\u0146os, kas piest\u0101v\u0113s ikvienam galdam. Atzveltne un s\u0113\u017eas da\u013ca ir m\u012bksta, apvilkta ar audumu. R\u0101mis un k\u0101jas ir met\u0101la.<\/p>\n","protected":false},"featured_media":160841,"template":"","meta":[],"product_cat":[129,144],"product_tag":[],"class_list":{"0":"post-160840","1":"product","2":"type-product","3":"status-publish","4":"has-post-thumbnail","6":"product_brand-capodarte","7":"product_cat-mebeles","8":"product_cat-kresli","10":"first","11":"instock","12":"shipping-taxable","13":"purchasable","14":"product-type-simple"},"_links":{"self":[{"href":"https:\/\/4room.lv\/ru\/wp-json\/wp\/v2\/product\/160840","targetHints":{"allow":["GET"]}}],"collection":[{"href":"https:\/\/4room.lv\/ru\/wp-json\/wp\/v2\/product"}],"about":[{"href":"https:\/\/4room.lv\/ru\/wp-json\/wp\/v2\/types\/product"}],"wp:featuredmedia":[{"embeddable":true,"href":"https:\/\/4room.lv\/ru\/wp-json\/wp\/v2\/media\/160841"}],"wp:attachment":[{"href":"https:\/\/4room.lv\/ru\/wp-json\/wp\/v2\/media?parent=160840"}],"wp:term":[{"taxonomy":"product_cat","embeddable":true,"href":"https:\/\/4room.lv\/ru\/wp-json\/wp\/v2\/product_cat?post=160840"},{"taxonomy":"product_tag","embeddable":true,"href":"https:\/\/4room.lv\/ru\/wp-json\/wp\/v2\/product_tag?post=160840"}],"curies":[{"name":"wp","href":"https:\/\/api.w.org\/{rel}","templated":true}]}}