{"id":160847,"date":"2025-08-18T19:43:54","date_gmt":"2025-08-18T16:43:54","guid":{"rendered":"https:\/\/4room.lv\/?post_type=product&#038;p=160847"},"modified":"2025-09-11T13:57:23","modified_gmt":"2025-09-11T10:57:23","slug":"maru-210x110-nero-fume","status":"publish","type":"product","link":"https:\/\/4room.lv\/ru\/veikals\/mebeles\/galdi\/maru-210x110-nero-fume\/","title":{"rendered":"Maru 210&#215;110 Nero\/Fume"},"content":{"rendered":"","protected":false},"excerpt":{"rendered":"<p>Unik\u0101la dizaina galda ar dekora\u012bvu met\u0101la k\u0101ju un tum\u0161a stikla virsmu. Efekt\u012bgs dizaina elements, tiem kas v\u0113l\u0101s ko drosm\u012bgu sav\u0101 \u0113damsitab\u0101 vai ofis\u0101.<\/p>\n<p>Galdu iesp\u0113jams pas\u016bt\u012bt d\u0101\u017e\u0101d\u0101s apdar\u0113s, papildus inform\u0101ciju vaicajiet mums!<\/p>\n","protected":false},"featured_media":160848,"template":"","meta":[],"product_cat":[129,142],"product_tag":[],"class_list":{"0":"post-160847","1":"product","2":"type-product","3":"status-publish","4":"has-post-thumbnail","6":"product_brand-capodarte","7":"product_cat-mebeles","8":"product_cat-galdi","10":"first","11":"instock","12":"shipping-taxable","13":"purchasable","14":"product-type-simple"},"_links":{"self":[{"href":"https:\/\/4room.lv\/ru\/wp-json\/wp\/v2\/product\/160847","targetHints":{"allow":["GET"]}}],"collection":[{"href":"https:\/\/4room.lv\/ru\/wp-json\/wp\/v2\/product"}],"about":[{"href":"https:\/\/4room.lv\/ru\/wp-json\/wp\/v2\/types\/product"}],"wp:featuredmedia":[{"embeddable":true,"href":"https:\/\/4room.lv\/ru\/wp-json\/wp\/v2\/media\/160848"}],"wp:attachment":[{"href":"https:\/\/4room.lv\/ru\/wp-json\/wp\/v2\/media?parent=160847"}],"wp:term":[{"taxonomy":"product_cat","embeddable":true,"href":"https:\/\/4room.lv\/ru\/wp-json\/wp\/v2\/product_cat?post=160847"},{"taxonomy":"product_tag","embeddable":true,"href":"https:\/\/4room.lv\/ru\/wp-json\/wp\/v2\/product_tag?post=160847"}],"curies":[{"name":"wp","href":"https:\/\/api.w.org\/{rel}","templated":true}]}}