{"id":160880,"date":"2025-08-15T16:54:14","date_gmt":"2025-08-15T13:54:14","guid":{"rendered":"https:\/\/4room.lv\/?post_type=product&#038;p=160880"},"modified":"2025-09-11T13:58:55","modified_gmt":"2025-09-11T10:58:55","slug":"base-table-lamp-monaco-green-blue","status":"publish","type":"product","link":"https:\/\/4room.lv\/ru\/veikals\/apgaismojums\/dekorativais\/base-table-lamp-monaco-green-blue\/","title":{"rendered":"Base table lamp Monaco green blue"},"content":{"rendered":"","protected":false},"excerpt":{"rendered":"<p>Klasiska galda lampa uz met\u0101la k\u0101jas ar auduma aba\u017e\u016bru gai\u0161i zil\u0101 ton\u012b. Aba\u017e\u016brs ir apvilkts ar sa\u012bnu, kas eleganti atsp\u012bd gaism\u0101, radot skaistu efektu. Tonis ir viegli zilgan za\u013c\u0161. Iek\u0161puse aba\u017e\u016bram ir balta, kas lab\u0101k atstaros gaismu.<\/p>\n<p>Gaismeklim nepiecie\u0161ama E27 spuldze, kuru variet izvel\u0113ties p\u0113c ieskatiem.<\/p>\n<p>Gaismeklis tiek ra\u017eots p\u0113c pas\u016bt\u012bjuma, l\u012bdz ar to ir iesp\u0113ja izvel\u0113ties citu k\u0101jas toni, ka ar\u012b citu izm\u0113ru un apdari aba\u017e\u016bram. Paraugi pieejami pie mums salon\u0101.<\/p>\n","protected":false},"featured_media":160881,"template":"","meta":[],"product_cat":[1058,127,147],"product_tag":[],"class_list":{"0":"post-160880","1":"product","2":"type-product","3":"status-publish","4":"has-post-thumbnail","6":"product_brand-4room","7":"product_cat-dizaina","8":"product_cat-apgaismojums","9":"product_cat-dekorativais","11":"first","12":"instock","13":"shipping-taxable","14":"purchasable","15":"product-type-simple"},"_links":{"self":[{"href":"https:\/\/4room.lv\/ru\/wp-json\/wp\/v2\/product\/160880","targetHints":{"allow":["GET"]}}],"collection":[{"href":"https:\/\/4room.lv\/ru\/wp-json\/wp\/v2\/product"}],"about":[{"href":"https:\/\/4room.lv\/ru\/wp-json\/wp\/v2\/types\/product"}],"wp:featuredmedia":[{"embeddable":true,"href":"https:\/\/4room.lv\/ru\/wp-json\/wp\/v2\/media\/160881"}],"wp:attachment":[{"href":"https:\/\/4room.lv\/ru\/wp-json\/wp\/v2\/media?parent=160880"}],"wp:term":[{"taxonomy":"product_cat","embeddable":true,"href":"https:\/\/4room.lv\/ru\/wp-json\/wp\/v2\/product_cat?post=160880"},{"taxonomy":"product_tag","embeddable":true,"href":"https:\/\/4room.lv\/ru\/wp-json\/wp\/v2\/product_tag?post=160880"}],"curies":[{"name":"wp","href":"https:\/\/api.w.org\/{rel}","templated":true}]}}