{"id":160907,"date":"2025-08-01T17:18:50","date_gmt":"2025-08-01T14:18:50","guid":{"rendered":"https:\/\/4room.lv\/?post_type=product&#038;p=160907"},"modified":"2025-11-13T16:13:41","modified_gmt":"2025-11-13T14:13:41","slug":"style-floor-lamp-nero","status":"publish","type":"product","link":"https:\/\/4room.lv\/ru\/veikals\/apgaismojums\/dekorativais\/style-floor-lamp-nero\/","title":{"rendered":"Style floor lamp nero"},"content":{"rendered":"","protected":false},"excerpt":{"rendered":"<p>M\u016bsdin\u012bga st\u0101vlampa minim\u0101lisma dizain\u0101. Eleganti liekta forma, kas b\u016bs lielisks risin\u0101jums pie d\u012bv\u0101na, kr\u0113sla vai galda. Gaismekl\u012b ir jaud\u012bgs Led modulis , ko iesp\u0113jams dim\u0113t ar dimeri, kas ir integr\u0113ts lampas sl\u0113dz\u012b uz vada.<\/p>\n","protected":false},"featured_media":160908,"template":"","meta":[],"product_cat":[127,147],"product_tag":[],"class_list":{"0":"post-160907","1":"product","2":"type-product","3":"status-publish","4":"has-post-thumbnail","6":"product_brand-ondaluce","7":"product_cat-apgaismojums","8":"product_cat-dekorativais","10":"first","11":"instock","12":"sale","13":"shipping-taxable","14":"purchasable","15":"product-type-simple"},"_links":{"self":[{"href":"https:\/\/4room.lv\/ru\/wp-json\/wp\/v2\/product\/160907","targetHints":{"allow":["GET"]}}],"collection":[{"href":"https:\/\/4room.lv\/ru\/wp-json\/wp\/v2\/product"}],"about":[{"href":"https:\/\/4room.lv\/ru\/wp-json\/wp\/v2\/types\/product"}],"wp:featuredmedia":[{"embeddable":true,"href":"https:\/\/4room.lv\/ru\/wp-json\/wp\/v2\/media\/160908"}],"wp:attachment":[{"href":"https:\/\/4room.lv\/ru\/wp-json\/wp\/v2\/media?parent=160907"}],"wp:term":[{"taxonomy":"product_cat","embeddable":true,"href":"https:\/\/4room.lv\/ru\/wp-json\/wp\/v2\/product_cat?post=160907"},{"taxonomy":"product_tag","embeddable":true,"href":"https:\/\/4room.lv\/ru\/wp-json\/wp\/v2\/product_tag?post=160907"}],"curies":[{"name":"wp","href":"https:\/\/api.w.org\/{rel}","templated":true}]}}