{"id":160918,"date":"2025-09-17T15:52:12","date_gmt":"2025-09-17T12:52:12","guid":{"rendered":"https:\/\/4room.lv\/?post_type=product&#038;p=160918"},"modified":"2025-09-17T15:56:18","modified_gmt":"2025-09-17T12:56:18","slug":"skygarden-1-white","status":"publish","type":"product","link":"https:\/\/4room.lv\/ru\/veikals\/apgaismojums\/dizaina\/skygarden-1-white\/","title":{"rendered":"Skygarden 1 white"},"content":{"rendered":"","protected":false},"excerpt":{"rendered":"<p>Dizaina ikona no Flos, kas apvieno vienk\u0101r\u0161\u012bbu ar greznu eleganci. No \u0101rpuses gaismeklim ir minim\u0101listisks, glanc\u0113ts met\u0101la korpuss, ta\u010du iek\u0161\u0101 gaismekli rot\u0101 grezni ziedu raksti no \u0123ip\u0161a. Iedvesma no klasiskaj\u0101m griestu roz\u0113m, kuras iesp\u0113jams saglabaju\u0161\u0101s ar\u012b j\u016bsu dz\u012bvokl\u012b? Gaismeklis ieder\u0113sies gan modern\u0101, gan\u00a0 klasisk\u0101 interjer\u0101. Ide\u0101ls dekorat\u012bvs akcents virs galda, kur var\u0113s nov\u0113rt\u0113t gaismek\u013ca nostr\u0101d\u0101t\u0101s deta\u013cas acu augstum\u0101. Ta\u010du der\u0113s ar\u012b viet\u0101s kur ir augsti griesti, jo tam ir gar\u0161 vads un\u00a0 no apak\u0161as var\u0113s nov\u0113rt\u0113t t\u0101 dekorat\u012bvo iek\u0161pusi.<\/p>\n<h5 class=\"hidden md:block md:text-xl md:leading-h5 md:mb-20\" data-v-56cd605d=\"\">Designed by Marcel Wanders,Marcel Wanders studio, 2007<\/h5>\n","protected":false},"featured_media":160958,"template":"","meta":[],"product_cat":[1058,127],"product_tag":[],"class_list":{"0":"post-160918","1":"product","2":"type-product","3":"status-publish","4":"has-post-thumbnail","6":"product_brand-flos","7":"product_cat-dizaina","8":"product_cat-apgaismojums","10":"first","11":"instock","12":"shipping-taxable","13":"purchasable","14":"product-type-simple","15":"hongo-alternate-image-wrap"},"_links":{"self":[{"href":"https:\/\/4room.lv\/ru\/wp-json\/wp\/v2\/product\/160918","targetHints":{"allow":["GET"]}}],"collection":[{"href":"https:\/\/4room.lv\/ru\/wp-json\/wp\/v2\/product"}],"about":[{"href":"https:\/\/4room.lv\/ru\/wp-json\/wp\/v2\/types\/product"}],"wp:featuredmedia":[{"embeddable":true,"href":"https:\/\/4room.lv\/ru\/wp-json\/wp\/v2\/media\/160958"}],"wp:attachment":[{"href":"https:\/\/4room.lv\/ru\/wp-json\/wp\/v2\/media?parent=160918"}],"wp:term":[{"taxonomy":"product_cat","embeddable":true,"href":"https:\/\/4room.lv\/ru\/wp-json\/wp\/v2\/product_cat?post=160918"},{"taxonomy":"product_tag","embeddable":true,"href":"https:\/\/4room.lv\/ru\/wp-json\/wp\/v2\/product_tag?post=160918"}],"curies":[{"name":"wp","href":"https:\/\/api.w.org\/{rel}","templated":true}]}}