{"id":161019,"date":"2025-09-20T14:20:01","date_gmt":"2025-09-20T11:20:01","guid":{"rendered":"https:\/\/4room.lv\/?post_type=product&#038;p=161019"},"modified":"2025-12-28T19:18:56","modified_gmt":"2025-12-28T17:18:56","slug":"hamilton-recliner","status":"publish","type":"product","link":"https:\/\/4room.lv\/ru\/veikals\/mebeles\/kresli\/hamilton-recliner\/","title":{"rendered":"Hamilton Recliner"},"content":{"rendered":"","protected":false},"excerpt":{"rendered":"<p>Atp\u016btas kr\u0113sls komforta cien\u012bt\u0101jiem. Kr\u0113sls apvilkts ar pat\u012bkamu br\u016bnganu audumu, liels un m\u012bksts, k\u0101 ar\u012b elektroniski izlai\u017eams. S\u0101nos tam pogas un uzl\u0101des kabelis. Pie kr\u0113sla iesp\u0113ja a\u0157\u012b pievienot l\u0101d\u0113t\u0101ju, lai uzl\u0101d\u0113tu t\u0101lruni vai plan\u0161eti, kad tie\u0161\u0101m negrib\u0101s celties. Ide\u0101ls slinkiem br\u012bvdienu vakariem!<\/p>\n","protected":false},"featured_media":161020,"template":"","meta":[],"product_cat":[129,145,144],"product_tag":[],"class_list":{"0":"post-161019","1":"product","2":"type-product","3":"status-publish","4":"has-post-thumbnail","6":"product_brand-dutch-bone","7":"product_brand-white-label-living","8":"product_brand-zuiver","9":"product_cat-mebeles","10":"product_cat-divani","11":"product_cat-kresli","13":"first","14":"instock","15":"shipping-taxable","16":"purchasable","17":"product-type-simple","18":"hongo-alternate-image-wrap"},"_links":{"self":[{"href":"https:\/\/4room.lv\/ru\/wp-json\/wp\/v2\/product\/161019","targetHints":{"allow":["GET"]}}],"collection":[{"href":"https:\/\/4room.lv\/ru\/wp-json\/wp\/v2\/product"}],"about":[{"href":"https:\/\/4room.lv\/ru\/wp-json\/wp\/v2\/types\/product"}],"wp:featuredmedia":[{"embeddable":true,"href":"https:\/\/4room.lv\/ru\/wp-json\/wp\/v2\/media\/161020"}],"wp:attachment":[{"href":"https:\/\/4room.lv\/ru\/wp-json\/wp\/v2\/media?parent=161019"}],"wp:term":[{"taxonomy":"product_cat","embeddable":true,"href":"https:\/\/4room.lv\/ru\/wp-json\/wp\/v2\/product_cat?post=161019"},{"taxonomy":"product_tag","embeddable":true,"href":"https:\/\/4room.lv\/ru\/wp-json\/wp\/v2\/product_tag?post=161019"}],"curies":[{"name":"wp","href":"https:\/\/api.w.org\/{rel}","templated":true}]}}