{"id":161077,"date":"2025-09-29T10:57:20","date_gmt":"2025-09-29T07:57:20","guid":{"rendered":"https:\/\/4room.lv\/?post_type=product&#038;p=161077"},"modified":"2025-09-29T10:57:20","modified_gmt":"2025-09-29T07:57:20","slug":"spirit-pendant-white-o60cm","status":"publish","type":"product","link":"https:\/\/4room.lv\/ru\/veikals\/apgaismojums\/dekorativais\/spirit-pendant-white-o60cm\/","title":{"rendered":"Spirit Pendant white \u00f860cm"},"content":{"rendered":"","protected":false},"excerpt":{"rendered":"<p>Unik\u0101lais Spirit gaismeklis ir izcilas meistar\u012bbas un diazina atspogu\u013cojums. Ar rok\u0101m r\u016bp\u012bgi gatavots daudzsl\u0101\u0146u aba\u017e\u016brs rada interesantu gaismeas sp\u0113li telp\u0101. Konkr\u0113tais ir uz balta met\u0101la stiprin\u0101juma ar baltu viskozes audumu, kas labi lai\u017e cauri gaismu. Diametrs 60cm b\u016bs labs izm\u0113rs gan k\u0101 centr\u0101lais gaismeklis, gan k\u0101 gaismeklis virs galda. Iek\u0161\u0101 gaismekl\u012b sl\u0113pjas vieta 3 standarta E27 spuldz\u0113m, kuras m\u0113s ieteiktu izvel\u0113ties balt\u0101 stikl\u0101, lai spuldzes izskat\u012btos harmosinki ar gaismekli.<\/p>\n<p>Gaismekli ra\u017eo p\u0113c pas\u016bt\u012bjuma, l\u012bdz ar to ir iesp\u0113ja izvel\u0113ties izm\u0113ru, kr\u0101sas un spuld\u017eu skaitu. Praugi pieejami pie mums salon\u0101, kur ar\u012b ar prieku past\u0101s\u012bsim un par\u0101d\u012bsim vair\u0101k.<\/p>\n","protected":false},"featured_media":161078,"template":"","meta":[],"product_cat":[1058,127,147],"product_tag":[],"class_list":{"0":"post-161077","1":"product","2":"type-product","3":"status-publish","4":"has-post-thumbnail","6":"product_brand-4room","7":"product_cat-dizaina","8":"product_cat-apgaismojums","9":"product_cat-dekorativais","11":"first","12":"instock","13":"shipping-taxable","14":"purchasable","15":"product-type-simple","16":"hongo-alternate-image-wrap"},"_links":{"self":[{"href":"https:\/\/4room.lv\/ru\/wp-json\/wp\/v2\/product\/161077","targetHints":{"allow":["GET"]}}],"collection":[{"href":"https:\/\/4room.lv\/ru\/wp-json\/wp\/v2\/product"}],"about":[{"href":"https:\/\/4room.lv\/ru\/wp-json\/wp\/v2\/types\/product"}],"wp:featuredmedia":[{"embeddable":true,"href":"https:\/\/4room.lv\/ru\/wp-json\/wp\/v2\/media\/161078"}],"wp:attachment":[{"href":"https:\/\/4room.lv\/ru\/wp-json\/wp\/v2\/media?parent=161077"}],"wp:term":[{"taxonomy":"product_cat","embeddable":true,"href":"https:\/\/4room.lv\/ru\/wp-json\/wp\/v2\/product_cat?post=161077"},{"taxonomy":"product_tag","embeddable":true,"href":"https:\/\/4room.lv\/ru\/wp-json\/wp\/v2\/product_tag?post=161077"}],"curies":[{"name":"wp","href":"https:\/\/api.w.org\/{rel}","templated":true}]}}