{"id":161263,"date":"2025-10-10T15:44:55","date_gmt":"2025-10-10T12:44:55","guid":{"rendered":"https:\/\/4room.lv\/?post_type=product&#038;p=161263"},"modified":"2025-10-10T15:44:55","modified_gmt":"2025-10-10T12:44:55","slug":"balou-terracotta","status":"publish","type":"product","link":"https:\/\/4room.lv\/ru\/veikals\/biroja-mebeles\/apmekletaju-kresli\/balou-terracotta\/","title":{"rendered":"Balou &#8212; terracotta"},"content":{"rendered":"","protected":false},"excerpt":{"rendered":"<p>Eleganta dizaina atp\u016btas kr\u0113sls m\u0101j\u012bg\u0101, m\u012bksta audum\u0101 terakotas ton\u012b. Tas b\u016bs ne tikai skaists, bet ar\u012b \u0113rts interjera papildin\u0101jums.<\/p>\n","protected":false},"featured_media":161264,"template":"","meta":[],"product_cat":[131,339,129,144],"product_tag":[],"class_list":{"0":"post-161263","1":"product","2":"type-product","3":"status-publish","4":"has-post-thumbnail","6":"product_brand-by-boo","7":"product_cat-biroja-mebeles","8":"product_cat-apmekletaju-kresli","9":"product_cat-mebeles","10":"product_cat-kresli","12":"first","13":"instock","14":"shipping-taxable","15":"purchasable","16":"product-type-simple","17":"hongo-alternate-image-wrap"},"_links":{"self":[{"href":"https:\/\/4room.lv\/ru\/wp-json\/wp\/v2\/product\/161263","targetHints":{"allow":["GET"]}}],"collection":[{"href":"https:\/\/4room.lv\/ru\/wp-json\/wp\/v2\/product"}],"about":[{"href":"https:\/\/4room.lv\/ru\/wp-json\/wp\/v2\/types\/product"}],"wp:featuredmedia":[{"embeddable":true,"href":"https:\/\/4room.lv\/ru\/wp-json\/wp\/v2\/media\/161264"}],"wp:attachment":[{"href":"https:\/\/4room.lv\/ru\/wp-json\/wp\/v2\/media?parent=161263"}],"wp:term":[{"taxonomy":"product_cat","embeddable":true,"href":"https:\/\/4room.lv\/ru\/wp-json\/wp\/v2\/product_cat?post=161263"},{"taxonomy":"product_tag","embeddable":true,"href":"https:\/\/4room.lv\/ru\/wp-json\/wp\/v2\/product_tag?post=161263"}],"curies":[{"name":"wp","href":"https:\/\/api.w.org\/{rel}","templated":true}]}}