{"id":161319,"date":"2025-10-10T16:51:57","date_gmt":"2025-10-10T13:51:57","guid":{"rendered":"https:\/\/4room.lv\/?post_type=product&#038;p=161319"},"modified":"2025-10-10T16:51:57","modified_gmt":"2025-10-10T13:51:57","slug":"dining-table-walter-220x100cm","status":"publish","type":"product","link":"https:\/\/4room.lv\/ru\/veikals\/mebeles\/galdi\/dining-table-walter-220x100cm\/","title":{"rendered":"Dining table Walter &#8212; 220x100cm"},"content":{"rendered":"","protected":false},"excerpt":{"rendered":"<p>Unik\u0101la dizaina \u0113damgalds meln\u0101 lakota finier\u012b. Interesants tr\u012bs k\u0101ju dizains, ar neregul\u0101ras formas virsmu. Izteiksm\u012bgs dizaina akcents, kas izcelsies j\u016bsu \u0113damistab\u0101 un rad\u012bs taj\u0101 \u012bpa\u0161u auru.<\/p>\n","protected":false},"featured_media":161335,"template":"","meta":[],"product_cat":[129,142],"product_tag":[],"class_list":{"0":"post-161319","1":"product","2":"type-product","3":"status-publish","4":"has-post-thumbnail","6":"product_brand-eleonora","7":"product_cat-mebeles","8":"product_cat-galdi","10":"first","11":"instock","12":"shipping-taxable","13":"purchasable","14":"product-type-simple","15":"hongo-alternate-image-wrap"},"_links":{"self":[{"href":"https:\/\/4room.lv\/ru\/wp-json\/wp\/v2\/product\/161319","targetHints":{"allow":["GET"]}}],"collection":[{"href":"https:\/\/4room.lv\/ru\/wp-json\/wp\/v2\/product"}],"about":[{"href":"https:\/\/4room.lv\/ru\/wp-json\/wp\/v2\/types\/product"}],"wp:featuredmedia":[{"embeddable":true,"href":"https:\/\/4room.lv\/ru\/wp-json\/wp\/v2\/media\/161335"}],"wp:attachment":[{"href":"https:\/\/4room.lv\/ru\/wp-json\/wp\/v2\/media?parent=161319"}],"wp:term":[{"taxonomy":"product_cat","embeddable":true,"href":"https:\/\/4room.lv\/ru\/wp-json\/wp\/v2\/product_cat?post=161319"},{"taxonomy":"product_tag","embeddable":true,"href":"https:\/\/4room.lv\/ru\/wp-json\/wp\/v2\/product_tag?post=161319"}],"curies":[{"name":"wp","href":"https:\/\/api.w.org\/{rel}","templated":true}]}}