{"id":161453,"date":"2025-10-17T10:44:37","date_gmt":"2025-10-17T07:44:37","guid":{"rendered":"https:\/\/4room.lv\/?post_type=product&#038;p=161453"},"modified":"2025-11-06T12:41:12","modified_gmt":"2025-11-06T10:41:12","slug":"burma-lounge-chair-terracotta","status":"publish","type":"product","link":"https:\/\/4room.lv\/ru\/veikals\/biroja-mebeles\/apmekletaju-kresli\/burma-lounge-chair-terracotta\/","title":{"rendered":"Burma lounge chair terracotta"},"content":{"rendered":"","protected":false},"excerpt":{"rendered":"<p>M\u016bsdien\u012bgs atp\u016btas kr\u0113sls un melna met\u0101la r\u0101mja, skaist\u0101 m\u0101la to\u0146a audum\u0101. Terakotas tonis b\u016bs gaum\u012bgs akcents j\u016bsu interjeram. Viegls un \u0113rts, pat\u012bkamiem atp\u016btas br\u012b\u017eiem.<\/p>\n","protected":false},"featured_media":161454,"template":"","meta":[],"product_cat":[131,339,129,144],"product_tag":[],"class_list":{"0":"post-161453","1":"product","2":"type-product","3":"status-publish","4":"has-post-thumbnail","6":"product_cat-biroja-mebeles","7":"product_cat-apmekletaju-kresli","8":"product_cat-mebeles","9":"product_cat-kresli","11":"first","12":"instock","13":"shipping-taxable","14":"purchasable","15":"product-type-simple","16":"hongo-alternate-image-wrap"},"_links":{"self":[{"href":"https:\/\/4room.lv\/ru\/wp-json\/wp\/v2\/product\/161453","targetHints":{"allow":["GET"]}}],"collection":[{"href":"https:\/\/4room.lv\/ru\/wp-json\/wp\/v2\/product"}],"about":[{"href":"https:\/\/4room.lv\/ru\/wp-json\/wp\/v2\/types\/product"}],"wp:featuredmedia":[{"embeddable":true,"href":"https:\/\/4room.lv\/ru\/wp-json\/wp\/v2\/media\/161454"}],"wp:attachment":[{"href":"https:\/\/4room.lv\/ru\/wp-json\/wp\/v2\/media?parent=161453"}],"wp:term":[{"taxonomy":"product_cat","embeddable":true,"href":"https:\/\/4room.lv\/ru\/wp-json\/wp\/v2\/product_cat?post=161453"},{"taxonomy":"product_tag","embeddable":true,"href":"https:\/\/4room.lv\/ru\/wp-json\/wp\/v2\/product_tag?post=161453"}],"curies":[{"name":"wp","href":"https:\/\/api.w.org\/{rel}","templated":true}]}}