{"id":161482,"date":"2025-10-17T11:15:23","date_gmt":"2025-10-17T08:15:23","guid":{"rendered":"https:\/\/4room.lv\/?post_type=product&#038;p=161482"},"modified":"2025-10-17T11:17:15","modified_gmt":"2025-10-17T08:17:15","slug":"cona-75cm-black","status":"publish","type":"product","link":"https:\/\/4room.lv\/ru\/veikals\/apgaismojums\/dekorativais\/cona-75cm-black\/","title":{"rendered":"Cona 75cm black"},"content":{"rendered":"","protected":false},"excerpt":{"rendered":"<p>Apbalvots dizaina gaismeklis iespaid\u012bg\u0101 75cm diametr\u0101.\u00a0 M\u016bsdien\u012bgs dizains aktu\u0101l\u0101s form\u0101s, kur ik deta\u013ca rada p\u0101rodm\u0101ta dizaina iespaidu. Gaismeklis ir no met\u0101la, kas kr\u0101sots mat\u0113ti melns.<\/p>\n<p>\u0160is gaismeklis noteikti atst\u0101s iespaidu telp\u0101, gan ar izm\u0113ru, gan ar savu dizainu. Pieejams ar\u012b citos izm\u0113ros un to\u0146os, par tiem dro\u0161i jaut\u0101jiet mums.<\/p>\n<p>Gaismeklim nepiecie\u0161ama E27 spuldze, kuru variet ieg\u0101d\u0101ties p\u0113c sav\u0101m vajadz\u012bb\u0101m vai v\u0113rsieties pie mums un pal\u012bdz\u0113sim izvel\u0113ties lab\u0101ko.<\/p>\n","protected":false},"featured_media":161483,"template":"","meta":[],"product_cat":[1058,127,148,147],"product_tag":[],"class_list":{"0":"post-161482","1":"product","2":"type-product","3":"status-publish","4":"has-post-thumbnail","6":"product_brand-aqform","7":"product_cat-dizaina","8":"product_cat-apgaismojums","9":"product_cat-arhitekturalais","10":"product_cat-dekorativais","12":"first","13":"instock","14":"shipping-taxable","15":"purchasable","16":"product-type-simple","17":"hongo-alternate-image-wrap"},"_links":{"self":[{"href":"https:\/\/4room.lv\/ru\/wp-json\/wp\/v2\/product\/161482","targetHints":{"allow":["GET"]}}],"collection":[{"href":"https:\/\/4room.lv\/ru\/wp-json\/wp\/v2\/product"}],"about":[{"href":"https:\/\/4room.lv\/ru\/wp-json\/wp\/v2\/types\/product"}],"wp:featuredmedia":[{"embeddable":true,"href":"https:\/\/4room.lv\/ru\/wp-json\/wp\/v2\/media\/161483"}],"wp:attachment":[{"href":"https:\/\/4room.lv\/ru\/wp-json\/wp\/v2\/media?parent=161482"}],"wp:term":[{"taxonomy":"product_cat","embeddable":true,"href":"https:\/\/4room.lv\/ru\/wp-json\/wp\/v2\/product_cat?post=161482"},{"taxonomy":"product_tag","embeddable":true,"href":"https:\/\/4room.lv\/ru\/wp-json\/wp\/v2\/product_tag?post=161482"}],"curies":[{"name":"wp","href":"https:\/\/api.w.org\/{rel}","templated":true}]}}