{"id":161514,"date":"2025-10-17T11:53:22","date_gmt":"2025-10-17T08:53:22","guid":{"rendered":"https:\/\/4room.lv\/?post_type=product&#038;p=161514"},"modified":"2025-10-17T11:53:22","modified_gmt":"2025-10-17T08:53:22","slug":"form-floor-2-dusty-blue","status":"publish","type":"product","link":"https:\/\/4room.lv\/ru\/veikals\/apgaismojums\/dekorativais\/form-floor-2-dusty-blue\/","title":{"rendered":"Form floor 2 Dusty blue"},"content":{"rendered":"","protected":false},"excerpt":{"rendered":"<p>Funkcion\u0101la un dizain\u0101 pievilc\u012bga stavlampa, skaist\u0101 debeszil\u0101 ton\u012b. Gaismeklis ir no met\u0101la. Divi novirz\u0101mi konusi, kur\u0101 katr\u0101 iet E27 spuldze, labi izgaismos jums nepiecie\u0161am\u0101s zonas. Spuldzes variet piemekl\u0113t p\u0113c sav\u0101m vajadz\u012bb\u0101m.<\/p>\n","protected":false},"featured_media":161515,"template":"","meta":[],"product_cat":[127,147],"product_tag":[],"class_list":{"0":"post-161514","1":"product","2":"type-product","3":"status-publish","4":"has-post-thumbnail","6":"product_brand-aldex","7":"product_cat-apgaismojums","8":"product_cat-dekorativais","10":"first","11":"instock","12":"shipping-taxable","13":"purchasable","14":"product-type-simple","15":"hongo-alternate-image-wrap"},"_links":{"self":[{"href":"https:\/\/4room.lv\/ru\/wp-json\/wp\/v2\/product\/161514","targetHints":{"allow":["GET"]}}],"collection":[{"href":"https:\/\/4room.lv\/ru\/wp-json\/wp\/v2\/product"}],"about":[{"href":"https:\/\/4room.lv\/ru\/wp-json\/wp\/v2\/types\/product"}],"wp:featuredmedia":[{"embeddable":true,"href":"https:\/\/4room.lv\/ru\/wp-json\/wp\/v2\/media\/161515"}],"wp:attachment":[{"href":"https:\/\/4room.lv\/ru\/wp-json\/wp\/v2\/media?parent=161514"}],"wp:term":[{"taxonomy":"product_cat","embeddable":true,"href":"https:\/\/4room.lv\/ru\/wp-json\/wp\/v2\/product_cat?post=161514"},{"taxonomy":"product_tag","embeddable":true,"href":"https:\/\/4room.lv\/ru\/wp-json\/wp\/v2\/product_tag?post=161514"}],"curies":[{"name":"wp","href":"https:\/\/api.w.org\/{rel}","templated":true}]}}