{"id":161527,"date":"2025-10-17T12:00:53","date_gmt":"2025-10-17T09:00:53","guid":{"rendered":"https:\/\/4room.lv\/?post_type=product&#038;p=161527"},"modified":"2025-11-06T12:41:32","modified_gmt":"2025-11-06T10:41:32","slug":"ella-bar-stool-fabric-beige","status":"publish","type":"product","link":"https:\/\/4room.lv\/ru\/veikals\/mebeles\/kresli\/ella-bar-stool-fabric-beige\/","title":{"rendered":"Ella bar stool,  fabric &#8212; beige"},"content":{"rendered":"","protected":false},"excerpt":{"rendered":"<p>Gl\u012bts b\u0101ra kr\u0113sls uz augstum\u0101 regul\u0113jamas k\u0101jas. Augstums regul\u0113jas no 61-82cm. Noapa\u013cot\u0101s formas un b\u0113\u0161ais audums ar melno p\u0113du rada aktu\u0101lu dizaina m\u0113beli, saglab\u0101jot m\u0101j\u012bguma saj\u016btu. Var saksa\u0146ot ar \u0113damkr\u0113sliem, radot harmonisku \u0113damistabas\/virtuves dizainu.<\/p>\n<p>&nbsp;<\/p>\n","protected":false},"featured_media":161528,"template":"","meta":[],"product_cat":[129,144],"product_tag":[],"class_list":{"0":"post-161527","1":"product","2":"type-product","3":"status-publish","4":"has-post-thumbnail","6":"product_cat-mebeles","7":"product_cat-kresli","9":"first","10":"instock","11":"shipping-taxable","12":"purchasable","13":"product-type-simple","14":"hongo-alternate-image-wrap"},"_links":{"self":[{"href":"https:\/\/4room.lv\/ru\/wp-json\/wp\/v2\/product\/161527","targetHints":{"allow":["GET"]}}],"collection":[{"href":"https:\/\/4room.lv\/ru\/wp-json\/wp\/v2\/product"}],"about":[{"href":"https:\/\/4room.lv\/ru\/wp-json\/wp\/v2\/types\/product"}],"wp:featuredmedia":[{"embeddable":true,"href":"https:\/\/4room.lv\/ru\/wp-json\/wp\/v2\/media\/161528"}],"wp:attachment":[{"href":"https:\/\/4room.lv\/ru\/wp-json\/wp\/v2\/media?parent=161527"}],"wp:term":[{"taxonomy":"product_cat","embeddable":true,"href":"https:\/\/4room.lv\/ru\/wp-json\/wp\/v2\/product_cat?post=161527"},{"taxonomy":"product_tag","embeddable":true,"href":"https:\/\/4room.lv\/ru\/wp-json\/wp\/v2\/product_tag?post=161527"}],"curies":[{"name":"wp","href":"https:\/\/api.w.org\/{rel}","templated":true}]}}