{"id":161540,"date":"2025-10-17T16:20:52","date_gmt":"2025-10-17T13:20:52","guid":{"rendered":"https:\/\/4room.lv\/?post_type=product&#038;p=161540"},"modified":"2025-10-17T16:20:52","modified_gmt":"2025-10-17T13:20:52","slug":"croissant-floor-black","status":"publish","type":"product","link":"https:\/\/4room.lv\/ru\/veikals\/apgaismojums\/dekorativais\/croissant-floor-black\/","title":{"rendered":"Croissant floor black"},"content":{"rendered":"","protected":false},"excerpt":{"rendered":"<p>Unik\u0101la dizaina st\u0101vlampa, kas ne tikai sniegs pat\u012bkamu noska\u0146as apgaismojumu telp\u0101, bet b\u016bs ar\u012b efekt\u012bgs dizaina objekts.\u00a0 Konkr\u0113taj\u0101 versij\u0101 tam ir melna met\u0101la p\u0113da, ko rot\u0101 auduma aba\u017e\u016bri meln\u0101 sat\u012bn\u0101. Gaismekl\u012b iet 4x E27 spuldzes, kuras variet izv\u0113l\u0113ties pe\u010d saviem ieskatiem, bet m\u0113s ieteiktu izvel\u0113ties siltu gaismu, kas izcels sat\u012bna audumu un ra\u012bs m\u0101j\u012bgu apgaismojuma efektu.<\/p>\n<p>Gaismeklis tiek ra\u017eots p\u0113c pas\u016bt\u012bjuma, l\u012bdz ar to ir iesp\u0113ja izv\u0113l\u0113ties audumu un metala toni, radot \u012bpa\u0161u gaismekli tie\u0161i pec j\u016bsu v\u0113lm\u0113m. Paraugi pieejami m\u016bsu salon\u0101.<\/p>\n","protected":false},"featured_media":161541,"template":"","meta":[],"product_cat":[1058,127,147],"product_tag":[],"class_list":{"0":"post-161540","1":"product","2":"type-product","3":"status-publish","4":"has-post-thumbnail","6":"product_brand-4room","7":"product_cat-dizaina","8":"product_cat-apgaismojums","9":"product_cat-dekorativais","11":"first","12":"instock","13":"shipping-taxable","14":"purchasable","15":"product-type-simple","16":"hongo-alternate-image-wrap"},"_links":{"self":[{"href":"https:\/\/4room.lv\/ru\/wp-json\/wp\/v2\/product\/161540","targetHints":{"allow":["GET"]}}],"collection":[{"href":"https:\/\/4room.lv\/ru\/wp-json\/wp\/v2\/product"}],"about":[{"href":"https:\/\/4room.lv\/ru\/wp-json\/wp\/v2\/types\/product"}],"wp:featuredmedia":[{"embeddable":true,"href":"https:\/\/4room.lv\/ru\/wp-json\/wp\/v2\/media\/161541"}],"wp:attachment":[{"href":"https:\/\/4room.lv\/ru\/wp-json\/wp\/v2\/media?parent=161540"}],"wp:term":[{"taxonomy":"product_cat","embeddable":true,"href":"https:\/\/4room.lv\/ru\/wp-json\/wp\/v2\/product_cat?post=161540"},{"taxonomy":"product_tag","embeddable":true,"href":"https:\/\/4room.lv\/ru\/wp-json\/wp\/v2\/product_tag?post=161540"}],"curies":[{"name":"wp","href":"https:\/\/api.w.org\/{rel}","templated":true}]}}