{"id":161606,"date":"2025-11-13T16:42:24","date_gmt":"2025-11-13T14:42:24","guid":{"rendered":"https:\/\/4room.lv\/?post_type=product&#038;p=161606"},"modified":"2025-11-13T16:42:24","modified_gmt":"2025-11-13T14:42:24","slug":"half-ceiling-led","status":"publish","type":"product","link":"https:\/\/4room.lv\/ru\/veikals\/apgaismojums\/dekorativais\/half-ceiling-led\/","title":{"rendered":"Half ceiling Led"},"content":{"rendered":"","protected":false},"excerpt":{"rendered":"<p>M\u016bsdien\u012bgs griestu Led gasmeklis balta kr\u0101s\u0101. Tam ir Led kam var izvel\u0113ties pektru starp silti baltu un baltu gaismu, ka a\u0157\u012b tas ir dim\u0113jams. Tam ir laba gaismas atdeve un lielisksi izgaismos telpu l\u012bdz 20m\u00b2<\/p>\n<p>Pieejami ar\u012b citi izm\u0113ri.<\/p>\n","protected":false},"featured_media":161607,"template":"","meta":[],"product_cat":[127,148,147],"product_tag":[],"class_list":{"0":"post-161606","1":"product","2":"type-product","3":"status-publish","4":"has-post-thumbnail","6":"product_brand-ondaluce","7":"product_cat-apgaismojums","8":"product_cat-arhitekturalais","9":"product_cat-dekorativais","11":"first","12":"instock","13":"sale","14":"shipping-taxable","15":"purchasable","16":"product-type-simple","17":"hongo-alternate-image-wrap"},"_links":{"self":[{"href":"https:\/\/4room.lv\/ru\/wp-json\/wp\/v2\/product\/161606","targetHints":{"allow":["GET"]}}],"collection":[{"href":"https:\/\/4room.lv\/ru\/wp-json\/wp\/v2\/product"}],"about":[{"href":"https:\/\/4room.lv\/ru\/wp-json\/wp\/v2\/types\/product"}],"wp:featuredmedia":[{"embeddable":true,"href":"https:\/\/4room.lv\/ru\/wp-json\/wp\/v2\/media\/161607"}],"wp:attachment":[{"href":"https:\/\/4room.lv\/ru\/wp-json\/wp\/v2\/media?parent=161606"}],"wp:term":[{"taxonomy":"product_cat","embeddable":true,"href":"https:\/\/4room.lv\/ru\/wp-json\/wp\/v2\/product_cat?post=161606"},{"taxonomy":"product_tag","embeddable":true,"href":"https:\/\/4room.lv\/ru\/wp-json\/wp\/v2\/product_tag?post=161606"}],"curies":[{"name":"wp","href":"https:\/\/api.w.org\/{rel}","templated":true}]}}